{"id":9849,"date":"2024-06-24T17:41:22","date_gmt":"2024-06-24T15:41:22","guid":{"rendered":"https:\/\/lemanrunning.com\/?page_id=9849"},"modified":"2024-06-24T18:02:06","modified_gmt":"2024-06-24T16:02:06","slug":"politique-de-confidentialite","status":"publish","type":"page","link":"https:\/\/lemanrunning.com\/en\/politique-de-confidentialite\/","title":{"rendered":"Privacy policy"},"content":{"rendered":"<div data-elementor-type=\"wp-page\" data-elementor-id=\"9849\" class=\"elementor elementor-9849\" data-elementor-post-type=\"page\">\n\t\t\t\t\t\t<section class=\"elementor-section elementor-top-section elementor-element elementor-element-6f0313b elementor-section-height-min-height elementor-section-boxed elementor-section-height-default elementor-section-items-middle\" data-id=\"6f0313b\" data-element_type=\"section\" data-e-type=\"section\" data-settings=\"{&quot;background_background&quot;:&quot;classic&quot;}\">\n\t\t\t\t\t\t\t<div class=\"elementor-background-overlay\"><\/div>\n\t\t\t\t\t\t\t<div class=\"elementor-container elementor-column-gap-default\">\n\t\t\t\t\t<div class=\"elementor-column elementor-col-100 elementor-top-column elementor-element elementor-element-d341bad\" data-id=\"d341bad\" data-element_type=\"column\" data-e-type=\"column\">\n\t\t\t<div class=\"elementor-widget-wrap elementor-element-populated\">\n\t\t\t\t\t\t<div class=\"elementor-element elementor-element-9108eda elementor-widget elementor-widget-heading\" data-id=\"9108eda\" data-element_type=\"widget\" data-e-type=\"widget\" data-widget_type=\"heading.default\">\n\t\t\t\t<div class=\"elementor-widget-container\">\n\t\t\t\t\t<h2 class=\"elementor-heading-title elementor-size-default\"> Privacy Policy<\/h2>\t\t\t\t<\/div>\n\t\t\t\t<\/div>\n\t\t\t\t\t<\/div>\n\t\t<\/div>\n\t\t\t\t\t<\/div>\n\t\t<\/section>\n\t\t<div class=\"elementor-element elementor-element-a592054 e-flex e-con-boxed e-con e-parent\" data-id=\"a592054\" data-element_type=\"container\" data-e-type=\"container\">\n\t\t\t\t\t<div class=\"e-con-inner\">\n\t\t\t\t<div class=\"elementor-element elementor-element-cbe047a elementor-widget elementor-widget-text-editor\" data-id=\"cbe047a\" data-element_type=\"widget\" data-e-type=\"widget\" data-widget_type=\"text-editor.default\">\n\t\t\t\t<div class=\"elementor-widget-container\">\n\t\t\t\t\t\t\t\t\t<p><strong>Introduction<\/strong><\/p><p>Welcome to the L\u00e9man Running website (lemanrunning.com). We are committed to protecting and respecting your privacy. This privacy policy explains how we collect, use, disclose and protect your personal information.<\/p><p><strong>1. Information we collect<\/strong><\/p><p>We may collect and process the following types of data:<\/p><ul><li><p><strong>Information you provide<\/strong> When you fill in forms on our site, subscribe to our services, participate in discussion forums or interact with us in any other way, you may provide us with personal information such as your name, e-mail address, telephone number and other contact details.<\/p><\/li><li><p><strong>Information collected automatically<\/strong> When you visit our site, we may automatically collect certain technical information, including IP address, browser type and version, time zone, browser plug-in types and versions, operating system and platform.<\/p><\/li><\/ul><p><strong>2. Use of information<\/strong><\/p><p>We use the information we collect to :<\/p><ul><li>To provide you with the information, products and services you request.<\/li><li>Improve our site to ensure that content is presented in the most effective way for you and your device.<\/li><li>To administer our site and for internal operations, including troubleshooting, data analysis, testing, research, statistics and surveys.<\/li><\/ul><p><strong>3. Disclosure of your information<\/strong><\/p><p>We do not sell, trade or rent your personal information to third parties. We may disclose your personal information to third parties only in the following cases:<\/p><ul><li>If we are required to disclose or share your personal data in order to comply with a legal obligation.<\/li><li>To protect the rights, property or safety of L\u00e9man Running, our users or other persons.<\/li><\/ul><p><strong>4. Security of your information<\/strong><\/p><p>We implement security measures to protect your information against unauthorised access, modification, disclosure or destruction. However, no data transmission over the Internet or method of electronic storage is completely secure. Consequently, although we strive to protect your personal information, we cannot guarantee its absolute security.<\/p><p><strong>5. Your rights<\/strong><\/p><p>You have the right to request access to the personal information we hold about you, to request the correction of any inaccurate information and to request the deletion of your personal information. To exercise these rights, please contact us at the email address below.<\/p><p><strong>6. Changes to our privacy policy<\/strong><\/p><p>We may change this privacy policy from time to time. We will post any changes on this page and, if the changes are significant, we will notify you by e-mail.<\/p><p><strong>7. Contact<\/strong><\/p><p>If you have any questions about this privacy policy, please contact us at :<\/p><p>Email : <a rel=\"noreferrer\">contact@lemanrunning.com<\/a><\/p><hr \/><p><strong>Date of last update :<\/strong> 24.06.2024<\/p>\t\t\t\t\t\t\t\t<\/div>\n\t\t\t\t<\/div>\n\t\t\t\t\t<\/div>\n\t\t\t\t<\/div>\n\t\t\t\t<\/div>","protected":false},"excerpt":{"rendered":"<p>\/*! elementor &#8211; v3.22.0 &#8211; 24-06-2024 *\/ .elementor-heading-title{padding:0;margin:0;line-height:1}.elementor-widget-heading .elementor-heading-title[class*=elementor-size-]&gt;a{color:inherit;font-size:inherit;line-height:inherit}.elementor-widget-heading .elementor-heading-title.elementor-size-small{font-size:15px}.elementor-widget-heading .elementor-heading-title.elementor-size-medium{font-size:19px}.elementor-widget-heading .elementor-heading-title.elementor-size-large{font-size:29px}.elementor-widget-heading .elementor-heading-title.elementor-size-xl{font-size:39px}.elementor-widget-heading .elementor-heading-title.elementor-size-xxl{font-size:59px} Politique de Confidentialit\u00e9\u200b Introduction Bienvenue sur le site L\u00e9man Running (lemanrunning.com). Nous nous engageons \u00e0 prot\u00e9ger [&hellip;]<\/p>\n","protected":false},"author":2,"featured_media":9856,"parent":0,"menu_order":0,"comment_status":"closed","ping_status":"closed","template":"","meta":{"_acf_changed":false,"footnotes":""},"class_list":["post-9849","page","type-page","status-publish","has-post-thumbnail","hentry"],"acf":[],"yoast_head":"<!-- This site is optimized with the Yoast SEO Premium plugin v27.3 (Yoast SEO v27.3) - https:\/\/yoast.com\/product\/yoast-seo-premium-wordpress\/ -->\n<title>Politique de confidentialit\u00e9 - L\u00e9man Running<\/title>\n<meta name=\"robots\" content=\"index, follow, max-snippet:-1, max-image-preview:large, max-video-preview:-1\" \/>\n<link rel=\"canonical\" href=\"https:\/\/lemanrunning.com\/en\/?page_id=9849\" \/>\n<meta property=\"og:locale\" content=\"en_GB\" \/>\n<meta property=\"og:type\" content=\"article\" \/>\n<meta property=\"og:title\" content=\"Politique de confidentialit\u00e9\" \/>\n<meta property=\"og:description\" content=\"\/*! elementor &#8211; v3.22.0 &#8211; 24-06-2024 *\/ .elementor-heading-title{padding:0;margin:0;line-height:1}.elementor-widget-heading .elementor-heading-title[class*=elementor-size-]&gt;a{color:inherit;font-size:inherit;line-height:inherit}.elementor-widget-heading .elementor-heading-title.elementor-size-small{font-size:15px}.elementor-widget-heading .elementor-heading-title.elementor-size-medium{font-size:19px}.elementor-widget-heading .elementor-heading-title.elementor-size-large{font-size:29px}.elementor-widget-heading .elementor-heading-title.elementor-size-xl{font-size:39px}.elementor-widget-heading .elementor-heading-title.elementor-size-xxl{font-size:59px} Politique de Confidentialit\u00e9\u200b Introduction Bienvenue sur le site L\u00e9man Running (lemanrunning.com). Nous nous engageons \u00e0 prot\u00e9ger [&hellip;]\" \/>\n<meta property=\"og:url\" content=\"https:\/\/lemanrunning.com\/en\/?page_id=9849\" \/>\n<meta property=\"og:site_name\" content=\"L\u00e9man Running\" \/>\n<meta property=\"article:publisher\" content=\"https:\/\/www.facebook.com\/LemanRunning\/\" \/>\n<meta property=\"article:modified_time\" content=\"2024-06-24T16:02:06+00:00\" \/>\n<meta property=\"og:image\" content=\"https:\/\/lemanrunning.com\/wp-content\/uploads\/2023\/12\/logo-Leman-Running-.png\" \/>\n\t<meta property=\"og:image:width\" content=\"1200\" \/>\n\t<meta property=\"og:image:height\" content=\"675\" \/>\n\t<meta property=\"og:image:type\" content=\"image\/png\" \/>\n<meta name=\"twitter:card\" content=\"summary_large_image\" \/>\n<meta name=\"twitter:label1\" content=\"Estimated reading time\" \/>\n\t<meta name=\"twitter:data1\" content=\"3 minutes\" \/>\n<script type=\"application\/ld+json\" class=\"yoast-schema-graph\">{\"@context\":\"https:\\\/\\\/schema.org\",\"@graph\":[{\"@type\":\"WebPage\",\"@id\":\"https:\\\/\\\/lemanrunning.com\\\/?page_id=9849\",\"url\":\"https:\\\/\\\/lemanrunning.com\\\/?page_id=9849\",\"name\":\"Politique de confidentialit\u00e9 - L\u00e9man Running\",\"isPartOf\":{\"@id\":\"https:\\\/\\\/lemanrunning.com\\\/#website\"},\"primaryImageOfPage\":{\"@id\":\"https:\\\/\\\/lemanrunning.com\\\/?page_id=9849#primaryimage\"},\"image\":{\"@id\":\"https:\\\/\\\/lemanrunning.com\\\/?page_id=9849#primaryimage\"},\"thumbnailUrl\":\"https:\\\/\\\/lemanrunning.com\\\/wp-content\\\/uploads\\\/2024\\\/06\\\/geneva-lake-switzerland.jpg\",\"datePublished\":\"2024-06-24T15:41:22+00:00\",\"dateModified\":\"2024-06-24T16:02:06+00:00\",\"breadcrumb\":{\"@id\":\"https:\\\/\\\/lemanrunning.com\\\/?page_id=9849#breadcrumb\"},\"inLanguage\":\"en-GB\",\"potentialAction\":[{\"@type\":\"ReadAction\",\"target\":[\"https:\\\/\\\/lemanrunning.com\\\/?page_id=9849\"]}]},{\"@type\":\"ImageObject\",\"inLanguage\":\"en-GB\",\"@id\":\"https:\\\/\\\/lemanrunning.com\\\/?page_id=9849#primaryimage\",\"url\":\"https:\\\/\\\/lemanrunning.com\\\/wp-content\\\/uploads\\\/2024\\\/06\\\/geneva-lake-switzerland.jpg\",\"contentUrl\":\"https:\\\/\\\/lemanrunning.com\\\/wp-content\\\/uploads\\\/2024\\\/06\\\/geneva-lake-switzerland.jpg\",\"width\":2000,\"height\":1333,\"caption\":\"Geneva lake, Switzerland\"},{\"@type\":\"BreadcrumbList\",\"@id\":\"https:\\\/\\\/lemanrunning.com\\\/?page_id=9849#breadcrumb\",\"itemListElement\":[{\"@type\":\"ListItem\",\"position\":1,\"name\":\"Accueil\",\"item\":\"https:\\\/\\\/lemanrunning.com\\\/\"},{\"@type\":\"ListItem\",\"position\":2,\"name\":\"Politique de confidentialit\u00e9\"}]},{\"@type\":\"WebSite\",\"@id\":\"https:\\\/\\\/lemanrunning.com\\\/#website\",\"url\":\"https:\\\/\\\/lemanrunning.com\\\/\",\"name\":\"L\u00e9man Running - Calendrier des courses, annuaire de coachs et th\u00e9rapeutes, sorties et entrainements en groupe.\",\"description\":\"L&#039;esprit du L\u00e9man, la passion du running.\",\"publisher\":{\"@id\":\"https:\\\/\\\/lemanrunning.com\\\/#organization\"},\"potentialAction\":[{\"@type\":\"SearchAction\",\"target\":{\"@type\":\"EntryPoint\",\"urlTemplate\":\"https:\\\/\\\/lemanrunning.com\\\/?s={search_term_string}\"},\"query-input\":{\"@type\":\"PropertyValueSpecification\",\"valueRequired\":true,\"valueName\":\"search_term_string\"}}],\"inLanguage\":\"en-GB\"},{\"@type\":\"Organization\",\"@id\":\"https:\\\/\\\/lemanrunning.com\\\/#organization\",\"name\":\"L\u00e9man Running\",\"url\":\"https:\\\/\\\/lemanrunning.com\\\/\",\"logo\":{\"@type\":\"ImageObject\",\"inLanguage\":\"en-GB\",\"@id\":\"https:\\\/\\\/lemanrunning.com\\\/#\\\/schema\\\/logo\\\/image\\\/\",\"url\":\"https:\\\/\\\/lemanrunning.com\\\/wp-content\\\/uploads\\\/2024\\\/06\\\/new-logo-leman-running.png\",\"contentUrl\":\"https:\\\/\\\/lemanrunning.com\\\/wp-content\\\/uploads\\\/2024\\\/06\\\/new-logo-leman-running.png\",\"width\":350,\"height\":100,\"caption\":\"L\u00e9man Running\"},\"image\":{\"@id\":\"https:\\\/\\\/lemanrunning.com\\\/#\\\/schema\\\/logo\\\/image\\\/\"},\"sameAs\":[\"https:\\\/\\\/www.facebook.com\\\/LemanRunning\\\/\",\"https:\\\/\\\/www.instagram.com\\\/leman_running\\\/\",\"https:\\\/\\\/www.linkedin.com\\\/company\\\/lman-running\\\/\",\"https:\\\/\\\/www.youtube.com\\\/channel\\\/UCy8GQKd8l8LZwU75KXDP-4g?view_as=subscriber\",\"https:\\\/\\\/www.strava.com\\\/clubs\\\/538259?oq=l\"]}]}<\/script>\n<!-- \/ Yoast SEO Premium plugin. -->","yoast_head_json":{"title":"Privacy policy - L\u00e9man Running","robots":{"index":"index","follow":"follow","max-snippet":"max-snippet:-1","max-image-preview":"max-image-preview:large","max-video-preview":"max-video-preview:-1"},"canonical":"https:\/\/lemanrunning.com\/en\/?page_id=9849","og_locale":"en_GB","og_type":"article","og_title":"Politique de confidentialit\u00e9","og_description":"\/*! elementor &#8211; v3.22.0 &#8211; 24-06-2024 *\/ .elementor-heading-title{padding:0;margin:0;line-height:1}.elementor-widget-heading .elementor-heading-title[class*=elementor-size-]&gt;a{color:inherit;font-size:inherit;line-height:inherit}.elementor-widget-heading .elementor-heading-title.elementor-size-small{font-size:15px}.elementor-widget-heading .elementor-heading-title.elementor-size-medium{font-size:19px}.elementor-widget-heading .elementor-heading-title.elementor-size-large{font-size:29px}.elementor-widget-heading .elementor-heading-title.elementor-size-xl{font-size:39px}.elementor-widget-heading .elementor-heading-title.elementor-size-xxl{font-size:59px} Politique de Confidentialit\u00e9\u200b Introduction Bienvenue sur le site L\u00e9man Running (lemanrunning.com). Nous nous engageons \u00e0 prot\u00e9ger [&hellip;]","og_url":"https:\/\/lemanrunning.com\/en\/?page_id=9849","og_site_name":"L\u00e9man Running","article_publisher":"https:\/\/www.facebook.com\/LemanRunning\/","article_modified_time":"2024-06-24T16:02:06+00:00","og_image":[{"width":1200,"height":675,"url":"https:\/\/lemanrunning.com\/wp-content\/uploads\/2023\/12\/logo-Leman-Running-.png","type":"image\/png"}],"twitter_card":"summary_large_image","twitter_misc":{"Estimated reading time":"3 minutes"},"schema":{"@context":"https:\/\/schema.org","@graph":[{"@type":"WebPage","@id":"https:\/\/lemanrunning.com\/?page_id=9849","url":"https:\/\/lemanrunning.com\/?page_id=9849","name":"Privacy policy - L\u00e9man Running","isPartOf":{"@id":"https:\/\/lemanrunning.com\/#website"},"primaryImageOfPage":{"@id":"https:\/\/lemanrunning.com\/?page_id=9849#primaryimage"},"image":{"@id":"https:\/\/lemanrunning.com\/?page_id=9849#primaryimage"},"thumbnailUrl":"https:\/\/lemanrunning.com\/wp-content\/uploads\/2024\/06\/geneva-lake-switzerland.jpg","datePublished":"2024-06-24T15:41:22+00:00","dateModified":"2024-06-24T16:02:06+00:00","breadcrumb":{"@id":"https:\/\/lemanrunning.com\/?page_id=9849#breadcrumb"},"inLanguage":"en-GB","potentialAction":[{"@type":"ReadAction","target":["https:\/\/lemanrunning.com\/?page_id=9849"]}]},{"@type":"ImageObject","inLanguage":"en-GB","@id":"https:\/\/lemanrunning.com\/?page_id=9849#primaryimage","url":"https:\/\/lemanrunning.com\/wp-content\/uploads\/2024\/06\/geneva-lake-switzerland.jpg","contentUrl":"https:\/\/lemanrunning.com\/wp-content\/uploads\/2024\/06\/geneva-lake-switzerland.jpg","width":2000,"height":1333,"caption":"Geneva lake, Switzerland"},{"@type":"BreadcrumbList","@id":"https:\/\/lemanrunning.com\/?page_id=9849#breadcrumb","itemListElement":[{"@type":"ListItem","position":1,"name":"Accueil","item":"https:\/\/lemanrunning.com\/"},{"@type":"ListItem","position":2,"name":"Politique de confidentialit\u00e9"}]},{"@type":"WebSite","@id":"https:\/\/lemanrunning.com\/#website","url":"https:\/\/lemanrunning.com\/","name":"L\u00e9man Running - Race calendar, directory of coaches and therapists, group outings and training.","description":"The spirit of Lake Geneva, a passion for running.","publisher":{"@id":"https:\/\/lemanrunning.com\/#organization"},"potentialAction":[{"@type":"SearchAction","target":{"@type":"EntryPoint","urlTemplate":"https:\/\/lemanrunning.com\/?s={search_term_string}"},"query-input":{"@type":"PropertyValueSpecification","valueRequired":true,"valueName":"search_term_string"}}],"inLanguage":"en-GB"},{"@type":"Organization","@id":"https:\/\/lemanrunning.com\/#organization","name":"L\u00e9man Running","url":"https:\/\/lemanrunning.com\/","logo":{"@type":"ImageObject","inLanguage":"en-GB","@id":"https:\/\/lemanrunning.com\/#\/schema\/logo\/image\/","url":"https:\/\/lemanrunning.com\/wp-content\/uploads\/2024\/06\/new-logo-leman-running.png","contentUrl":"https:\/\/lemanrunning.com\/wp-content\/uploads\/2024\/06\/new-logo-leman-running.png","width":350,"height":100,"caption":"L\u00e9man Running"},"image":{"@id":"https:\/\/lemanrunning.com\/#\/schema\/logo\/image\/"},"sameAs":["https:\/\/www.facebook.com\/LemanRunning\/","https:\/\/www.instagram.com\/leman_running\/","https:\/\/www.linkedin.com\/company\/lman-running\/","https:\/\/www.youtube.com\/channel\/UCy8GQKd8l8LZwU75KXDP-4g?view_as=subscriber","https:\/\/www.strava.com\/clubs\/538259?oq=l"]}]}},"_links":{"self":[{"href":"https:\/\/lemanrunning.com\/en\/wp-json\/wp\/v2\/pages\/9849","targetHints":{"allow":["GET"]}}],"collection":[{"href":"https:\/\/lemanrunning.com\/en\/wp-json\/wp\/v2\/pages"}],"about":[{"href":"https:\/\/lemanrunning.com\/en\/wp-json\/wp\/v2\/types\/page"}],"author":[{"embeddable":true,"href":"https:\/\/lemanrunning.com\/en\/wp-json\/wp\/v2\/users\/2"}],"replies":[{"embeddable":true,"href":"https:\/\/lemanrunning.com\/en\/wp-json\/wp\/v2\/comments?post=9849"}],"version-history":[{"count":0,"href":"https:\/\/lemanrunning.com\/en\/wp-json\/wp\/v2\/pages\/9849\/revisions"}],"wp:featuredmedia":[{"embeddable":true,"href":"https:\/\/lemanrunning.com\/en\/wp-json\/wp\/v2\/media\/9856"}],"wp:attachment":[{"href":"https:\/\/lemanrunning.com\/en\/wp-json\/wp\/v2\/media?parent=9849"}],"curies":[{"name":"wp","href":"https:\/\/api.w.org\/{rel}","templated":true}]}}