{"id":20656,"date":"2025-01-15T17:46:08","date_gmt":"2025-01-15T16:46:08","guid":{"rendered":"https:\/\/lemanrunning.com\/?page_id=20656"},"modified":"2026-01-29T14:34:15","modified_gmt":"2026-01-29T13:34:15","slug":"reglement","status":"publish","type":"page","link":"https:\/\/lemanrunning.com\/en\/reglement\/","title":{"rendered":"Regulations"},"content":{"rendered":"<div data-elementor-type=\"wp-page\" data-elementor-id=\"20656\" class=\"elementor elementor-20656\" data-elementor-post-type=\"page\">\n\t\t\t\t\t\t<section class=\"elementor-section elementor-top-section elementor-element elementor-element-5e247dc elementor-section-height-min-height elementor-section-boxed elementor-section-height-default elementor-section-items-middle\" data-id=\"5e247dc\" data-element_type=\"section\" data-e-type=\"section\" data-settings=\"{&quot;background_background&quot;:&quot;classic&quot;}\">\n\t\t\t\t\t\t\t<div class=\"elementor-background-overlay\"><\/div>\n\t\t\t\t\t\t\t<div class=\"elementor-container elementor-column-gap-default\">\n\t\t\t\t\t<div class=\"elementor-column elementor-col-100 elementor-top-column elementor-element elementor-element-ba3d8b7\" data-id=\"ba3d8b7\" data-element_type=\"column\" data-e-type=\"column\">\n\t\t\t<div class=\"elementor-widget-wrap elementor-element-populated\">\n\t\t\t\t\t\t<div class=\"elementor-element elementor-element-eaa7264 elementor-widget elementor-widget-heading\" data-id=\"eaa7264\" data-element_type=\"widget\" data-e-type=\"widget\" data-widget_type=\"heading.default\">\n\t\t\t\t<div class=\"elementor-widget-container\">\n\t\t\t\t\t<h2 class=\"elementor-heading-title elementor-size-default\">THE RULES<\/h2>\t\t\t\t<\/div>\n\t\t\t\t<\/div>\n\t\t\t\t\t<\/div>\n\t\t<\/div>\n\t\t\t\t\t<\/div>\n\t\t<\/section>\n\t\t\t\t<section class=\"elementor-section elementor-top-section elementor-element elementor-element-89ee1f9 elementor-section-full_width elementor-section-height-default elementor-section-height-default\" data-id=\"89ee1f9\" data-element_type=\"section\" data-e-type=\"section\" data-settings=\"{&quot;background_background&quot;:&quot;classic&quot;}\">\n\t\t\t\t\t\t\t<div class=\"elementor-background-overlay\"><\/div>\n\t\t\t\t\t\t\t<div class=\"elementor-container elementor-column-gap-default\">\n\t\t\t\t\t<div class=\"elementor-column elementor-col-100 elementor-top-column elementor-element elementor-element-2b9b70b\" data-id=\"2b9b70b\" data-element_type=\"column\" data-e-type=\"column\">\n\t\t\t<div class=\"elementor-widget-wrap elementor-element-populated\">\n\t\t\t\t\t\t<div class=\"elementor-element elementor-element-0dcd021 elementor-widget elementor-widget-heading\" data-id=\"0dcd021\" data-element_type=\"widget\" data-e-type=\"widget\" data-widget_type=\"heading.default\">\n\t\t\t\t<div class=\"elementor-widget-container\">\n\t\t\t\t\t<h5 class=\"elementor-heading-title elementor-size-default\">The regulations <\/h5>\t\t\t\t<\/div>\n\t\t\t\t<\/div>\n\t\t\t\t<div class=\"elementor-element elementor-element-07903b9 elementor-widget elementor-widget-heading\" data-id=\"07903b9\" data-element_type=\"widget\" data-e-type=\"widget\" data-widget_type=\"heading.default\">\n\t\t\t\t<div class=\"elementor-widget-container\">\n\t\t\t\t\t<h2 class=\"elementor-heading-title elementor-size-default\">EVERYTHING YOU NEED TO KNOW ABOUT THE TROPHY<\/h2>\t\t\t\t<\/div>\n\t\t\t\t<\/div>\n\t\t\t\t<div class=\"elementor-element elementor-element-552de64 elementor-widget elementor-widget-text-editor\" data-id=\"552de64\" data-element_type=\"widget\" data-e-type=\"widget\" data-widget_type=\"text-editor.default\">\n\t\t\t\t<div class=\"elementor-widget-container\">\n\t\t\t\t\t\t\t\t\t<hr \/><p><strong>1. Objective of the Trophy<\/strong><br \/>The L\u00e9man Running Trophy is a game designed to promote running and encourage discovery of the regions covered by our partner races. It rewards the active participation of members of the community through various sporting and voluntary activities.<br \/><strong>2. Duration\u00a0<br \/><\/strong>The Trophy begins on 01 January 2026 and ends on 31 December 2026.<\/p><p><strong>3. Participation<\/strong><br \/>To take part, all you have to do is :<\/p><ol><li>Buy your L\u00e9man Running passport from 35 CHF : <a href=\"https:\/\/bit.ly\/3TDbb2F\" target=\"_new\" rel=\"noopener\"><span>https<\/span><span>:\/\/bit.ly<\/span><span>\/3TDbb2F<\/span><\/a>.<\/li><li>Create your account and login here: <a href=\"https:\/\/lemanrunning.com\/enregistration\/\" target=\"_new\" rel=\"noopener\"><span>https<\/span><span>:\/\/lemanrunning.com<\/span><span>\/enregistration\/<\/span><\/a>.<\/li><\/ol><p><strong>4. Ways to earn points<\/strong><\/p><ol><li><p><strong>Take part in a partner race<\/strong><br \/>1 point per kilometre + 1 point for each 100 m of ascent.<br \/>Form to be completed after the race.<\/p><\/li><li><p><strong>Be on the podium in your category in a partner race<\/strong><br \/>25 points.<br \/><a href=\"https:\/\/lemanrunning.com\/trophee\/#formulaire\">Form to be completed after the race.<\/a><\/p><\/li><li><p><strong>Volunteering at a partner race<\/strong><br \/>30 points per entry.<br \/><a href=\"https:\/\/lemanrunning.com\/trophee\/#formulaire\">Form to be completed after the race.<\/a><\/p><\/li><li><p><strong>Take part in L\u00e9man Running outings or workshops<\/strong><br \/>25 points per entry.<br \/>Points awarded automatically.<\/p><\/li><li><p><strong>Take part in the activities of L\u00e9man Running clubs<\/strong><br \/>10 points for each weekly participation.<br \/><a href=\"https:\/\/lemanrunning.com\/trophee\/#formulaire\">Form to be completed after the race.<\/a><\/p><\/li><li><p><strong>Be active in the L\u00e9man Running Facebook group<\/strong><br \/>25 points per month for the 10 most active members. Points awarded automatically.<\/p><\/li><li><p><strong>Use the services of a L\u00e9man Running partner or a sports shop<\/strong><br \/>25 points per purchase or service used.<br \/><a href=\"https:\/\/lemanrunning.com\/trophee\/#formulaire\">Form to be completed after the race.<\/a><\/p><\/li><li><p><strong>Wear a L\u00e9man Running T-shirt during a race or register as part of the L\u00e9man Running team<\/strong><br \/>25 points.<br \/><a href=\"https:\/\/lemanrunning.com\/trophee\/#formulaire\">Form to be completed after the race.<\/a><\/p><\/li><li><p><strong>Log in to your L\u00e9man Running account<\/strong><br \/>2 points per day, for a minimum connection of 2 minutes. Points awarded automatically.<\/p><\/li><li><p><strong>Proposing or organising an activity for the club<\/strong><br \/>100 points for each approved activity.<\/p><\/li><\/ol><p><strong>5. Ranking and awards<\/strong><br \/>The final ranking will reward the top 10 participants. <br \/><strong>1st prize :<\/strong> 1 CHF 300 Pellissier Sport voucher + 1 year's club membership (CHF 269)<br \/>The other prizes will be announced at a later date.\u00a0<\/p><p><strong>Individual rewards for the first to reach the threshold:<\/strong><\/p><ul><li><strong>1000 points :<\/strong> A CHF 25 voucher valid for L\u00e9man Running products, with a special surprise for the first person to reach this level.<\/li><li><strong>1500 points :<\/strong> A CHF 50 voucher valid for L\u00e9man Running products, with a special surprise for the first person to reach this level.<\/li><li><strong>2000 points :<\/strong> A limited edition L\u00e9man Running T-shirt and a special surprise for the first person to reach this milestone.<\/li><\/ul><p><strong>7. Ranking and entry form<\/strong><br \/>The standings and the form to fill in for points can be accessed here at any time: <a href=\"https:\/\/lemanrunning.com\/trophee\/\" target=\"_new\" rel=\"noopener\"><span>https<\/span><span>:\/\/lemanrunning.com<\/span><span>\/trophee\/<\/span><\/a>.<\/p><p><strong>8. General terms and conditions<\/strong><br \/>The L\u00e9man Running Trophy is organised in a spirit of conviviality and promotion of running. Any attempt at fraud or failure to comply with the rules will result in the participant's exclusion.<\/p><p>Join us now for a unique sporting and community experience!<\/p><p>For further information, please contact us at <a href=\"mailto: contact@lemanrunning.com\">e-mail<\/a><\/p><p>regulations updated on 16.01.2026<\/p>\t\t\t\t\t\t\t\t<\/div>\n\t\t\t\t<\/div>\n\t\t\t\t\t<\/div>\n\t\t<\/div>\n\t\t\t\t\t<\/div>\n\t\t<\/section>\n\t\t\t\t<\/div>","protected":false},"excerpt":{"rendered":"<p>LE R\u00c8GLEMENT Le r\u00e8glement TOUT SAVOIR SUR LE TROPH\u00c9E 1. Objectif du Troph\u00e9eLe Troph\u00e9e L\u00e9man Running est un jeu destin\u00e9 \u00e0 promouvoir la course \u00e0 pied et \u00e0 encourager la [&hellip;]<\/p>\n","protected":false},"author":2,"featured_media":0,"parent":0,"menu_order":0,"comment_status":"closed","ping_status":"closed","template":"","meta":{"_acf_changed":false,"footnotes":""},"class_list":["post-20656","page","type-page","status-publish","hentry"],"acf":[],"yoast_head":"<!-- This site is optimized with the Yoast SEO Premium plugin v27.2 (Yoast SEO v27.3) - https:\/\/yoast.com\/product\/yoast-seo-premium-wordpress\/ -->\n<title>R\u00e8glement - L\u00e9man Running<\/title>\n<meta name=\"robots\" content=\"index, follow, max-snippet:-1, max-image-preview:large, max-video-preview:-1\" \/>\n<link rel=\"canonical\" href=\"https:\/\/lemanrunning.com\/en\/reglement\/\" \/>\n<meta property=\"og:locale\" content=\"en_GB\" \/>\n<meta property=\"og:type\" content=\"article\" \/>\n<meta property=\"og:title\" content=\"R\u00e8glement\" \/>\n<meta property=\"og:description\" content=\"LE R\u00c8GLEMENT Le r\u00e8glement TOUT SAVOIR SUR LE TROPH\u00c9E 1. Objectif du Troph\u00e9eLe Troph\u00e9e L\u00e9man Running est un jeu destin\u00e9 \u00e0 promouvoir la course \u00e0 pied et \u00e0 encourager la [&hellip;]\" \/>\n<meta property=\"og:url\" content=\"https:\/\/lemanrunning.com\/en\/reglement\/\" \/>\n<meta property=\"og:site_name\" content=\"L\u00e9man Running\" \/>\n<meta property=\"article:publisher\" content=\"https:\/\/www.facebook.com\/LemanRunning\/\" \/>\n<meta property=\"article:modified_time\" content=\"2026-01-29T13:34:15+00:00\" \/>\n<meta property=\"og:image\" content=\"https:\/\/lemanrunning.com\/wp-content\/uploads\/2023\/12\/logo-Leman-Running-.png\" \/>\n\t<meta property=\"og:image:width\" content=\"1200\" \/>\n\t<meta property=\"og:image:height\" content=\"675\" \/>\n\t<meta property=\"og:image:type\" content=\"image\/png\" \/>\n<meta name=\"twitter:card\" content=\"summary_large_image\" \/>\n<meta name=\"twitter:label1\" content=\"Estimated reading time\" \/>\n\t<meta name=\"twitter:data1\" content=\"3 minutes\" \/>\n<script type=\"application\/ld+json\" class=\"yoast-schema-graph\">{\"@context\":\"https:\\\/\\\/schema.org\",\"@graph\":[{\"@type\":\"WebPage\",\"@id\":\"https:\\\/\\\/lemanrunning.com\\\/reglement\\\/\",\"url\":\"https:\\\/\\\/lemanrunning.com\\\/reglement\\\/\",\"name\":\"R\u00e8glement - L\u00e9man Running\",\"isPartOf\":{\"@id\":\"https:\\\/\\\/lemanrunning.com\\\/#website\"},\"datePublished\":\"2025-01-15T16:46:08+00:00\",\"dateModified\":\"2026-01-29T13:34:15+00:00\",\"breadcrumb\":{\"@id\":\"https:\\\/\\\/lemanrunning.com\\\/reglement\\\/#breadcrumb\"},\"inLanguage\":\"en-GB\",\"potentialAction\":[{\"@type\":\"ReadAction\",\"target\":[\"https:\\\/\\\/lemanrunning.com\\\/reglement\\\/\"]}]},{\"@type\":\"BreadcrumbList\",\"@id\":\"https:\\\/\\\/lemanrunning.com\\\/reglement\\\/#breadcrumb\",\"itemListElement\":[{\"@type\":\"ListItem\",\"position\":1,\"name\":\"Accueil\",\"item\":\"https:\\\/\\\/lemanrunning.com\\\/\"},{\"@type\":\"ListItem\",\"position\":2,\"name\":\"R\u00e8glement\"}]},{\"@type\":\"WebSite\",\"@id\":\"https:\\\/\\\/lemanrunning.com\\\/#website\",\"url\":\"https:\\\/\\\/lemanrunning.com\\\/\",\"name\":\"L\u00e9man Running - Calendrier des courses, annuaire de coachs et th\u00e9rapeutes, sorties et entrainements en groupe.\",\"description\":\"L&#039;esprit du L\u00e9man, la passion du running.\",\"publisher\":{\"@id\":\"https:\\\/\\\/lemanrunning.com\\\/#organization\"},\"potentialAction\":[{\"@type\":\"SearchAction\",\"target\":{\"@type\":\"EntryPoint\",\"urlTemplate\":\"https:\\\/\\\/lemanrunning.com\\\/?s={search_term_string}\"},\"query-input\":{\"@type\":\"PropertyValueSpecification\",\"valueRequired\":true,\"valueName\":\"search_term_string\"}}],\"inLanguage\":\"en-GB\"},{\"@type\":\"Organization\",\"@id\":\"https:\\\/\\\/lemanrunning.com\\\/#organization\",\"name\":\"L\u00e9man Running\",\"url\":\"https:\\\/\\\/lemanrunning.com\\\/\",\"logo\":{\"@type\":\"ImageObject\",\"inLanguage\":\"en-GB\",\"@id\":\"https:\\\/\\\/lemanrunning.com\\\/#\\\/schema\\\/logo\\\/image\\\/\",\"url\":\"https:\\\/\\\/lemanrunning.com\\\/wp-content\\\/uploads\\\/2024\\\/06\\\/new-logo-leman-running.png\",\"contentUrl\":\"https:\\\/\\\/lemanrunning.com\\\/wp-content\\\/uploads\\\/2024\\\/06\\\/new-logo-leman-running.png\",\"width\":350,\"height\":100,\"caption\":\"L\u00e9man Running\"},\"image\":{\"@id\":\"https:\\\/\\\/lemanrunning.com\\\/#\\\/schema\\\/logo\\\/image\\\/\"},\"sameAs\":[\"https:\\\/\\\/www.facebook.com\\\/LemanRunning\\\/\",\"https:\\\/\\\/www.instagram.com\\\/leman_running\\\/\",\"https:\\\/\\\/www.linkedin.com\\\/company\\\/lman-running\\\/\",\"https:\\\/\\\/www.youtube.com\\\/channel\\\/UCy8GQKd8l8LZwU75KXDP-4g?view_as=subscriber\",\"https:\\\/\\\/www.strava.com\\\/clubs\\\/538259?oq=l\"]}]}<\/script>\n<!-- \/ Yoast SEO Premium plugin. -->","yoast_head_json":{"title":"Rules - L\u00e9man Running","robots":{"index":"index","follow":"follow","max-snippet":"max-snippet:-1","max-image-preview":"max-image-preview:large","max-video-preview":"max-video-preview:-1"},"canonical":"https:\/\/lemanrunning.com\/en\/reglement\/","og_locale":"en_GB","og_type":"article","og_title":"R\u00e8glement","og_description":"LE R\u00c8GLEMENT Le r\u00e8glement TOUT SAVOIR SUR LE TROPH\u00c9E 1. Objectif du Troph\u00e9eLe Troph\u00e9e L\u00e9man Running est un jeu destin\u00e9 \u00e0 promouvoir la course \u00e0 pied et \u00e0 encourager la [&hellip;]","og_url":"https:\/\/lemanrunning.com\/en\/reglement\/","og_site_name":"L\u00e9man Running","article_publisher":"https:\/\/www.facebook.com\/LemanRunning\/","article_modified_time":"2026-01-29T13:34:15+00:00","og_image":[{"width":1200,"height":675,"url":"https:\/\/lemanrunning.com\/wp-content\/uploads\/2023\/12\/logo-Leman-Running-.png","type":"image\/png"}],"twitter_card":"summary_large_image","twitter_misc":{"Estimated reading time":"3 minutes"},"schema":{"@context":"https:\/\/schema.org","@graph":[{"@type":"WebPage","@id":"https:\/\/lemanrunning.com\/reglement\/","url":"https:\/\/lemanrunning.com\/reglement\/","name":"Rules - L\u00e9man Running","isPartOf":{"@id":"https:\/\/lemanrunning.com\/#website"},"datePublished":"2025-01-15T16:46:08+00:00","dateModified":"2026-01-29T13:34:15+00:00","breadcrumb":{"@id":"https:\/\/lemanrunning.com\/reglement\/#breadcrumb"},"inLanguage":"en-GB","potentialAction":[{"@type":"ReadAction","target":["https:\/\/lemanrunning.com\/reglement\/"]}]},{"@type":"BreadcrumbList","@id":"https:\/\/lemanrunning.com\/reglement\/#breadcrumb","itemListElement":[{"@type":"ListItem","position":1,"name":"Accueil","item":"https:\/\/lemanrunning.com\/"},{"@type":"ListItem","position":2,"name":"R\u00e8glement"}]},{"@type":"WebSite","@id":"https:\/\/lemanrunning.com\/#website","url":"https:\/\/lemanrunning.com\/","name":"L\u00e9man Running - Race calendar, directory of coaches and therapists, group outings and training.","description":"The spirit of Lake Geneva, a passion for running.","publisher":{"@id":"https:\/\/lemanrunning.com\/#organization"},"potentialAction":[{"@type":"SearchAction","target":{"@type":"EntryPoint","urlTemplate":"https:\/\/lemanrunning.com\/?s={search_term_string}"},"query-input":{"@type":"PropertyValueSpecification","valueRequired":true,"valueName":"search_term_string"}}],"inLanguage":"en-GB"},{"@type":"Organization","@id":"https:\/\/lemanrunning.com\/#organization","name":"L\u00e9man Running","url":"https:\/\/lemanrunning.com\/","logo":{"@type":"ImageObject","inLanguage":"en-GB","@id":"https:\/\/lemanrunning.com\/#\/schema\/logo\/image\/","url":"https:\/\/lemanrunning.com\/wp-content\/uploads\/2024\/06\/new-logo-leman-running.png","contentUrl":"https:\/\/lemanrunning.com\/wp-content\/uploads\/2024\/06\/new-logo-leman-running.png","width":350,"height":100,"caption":"L\u00e9man Running"},"image":{"@id":"https:\/\/lemanrunning.com\/#\/schema\/logo\/image\/"},"sameAs":["https:\/\/www.facebook.com\/LemanRunning\/","https:\/\/www.instagram.com\/leman_running\/","https:\/\/www.linkedin.com\/company\/lman-running\/","https:\/\/www.youtube.com\/channel\/UCy8GQKd8l8LZwU75KXDP-4g?view_as=subscriber","https:\/\/www.strava.com\/clubs\/538259?oq=l"]}]}},"_links":{"self":[{"href":"https:\/\/lemanrunning.com\/en\/wp-json\/wp\/v2\/pages\/20656","targetHints":{"allow":["GET"]}}],"collection":[{"href":"https:\/\/lemanrunning.com\/en\/wp-json\/wp\/v2\/pages"}],"about":[{"href":"https:\/\/lemanrunning.com\/en\/wp-json\/wp\/v2\/types\/page"}],"author":[{"embeddable":true,"href":"https:\/\/lemanrunning.com\/en\/wp-json\/wp\/v2\/users\/2"}],"replies":[{"embeddable":true,"href":"https:\/\/lemanrunning.com\/en\/wp-json\/wp\/v2\/comments?post=20656"}],"version-history":[{"count":9,"href":"https:\/\/lemanrunning.com\/en\/wp-json\/wp\/v2\/pages\/20656\/revisions"}],"predecessor-version":[{"id":26081,"href":"https:\/\/lemanrunning.com\/en\/wp-json\/wp\/v2\/pages\/20656\/revisions\/26081"}],"wp:attachment":[{"href":"https:\/\/lemanrunning.com\/en\/wp-json\/wp\/v2\/media?parent=20656"}],"curies":[{"name":"wp","href":"https:\/\/api.w.org\/{rel}","templated":true}]}}