{"id":17810,"date":"2024-10-21T12:13:46","date_gmt":"2024-10-21T10:13:46","guid":{"rendered":"https:\/\/lemanrunning.com\/?page_id=17810"},"modified":"2025-10-19T22:38:01","modified_gmt":"2025-10-19T20:38:01","slug":"photos-kmv-de-fully-2025","status":"publish","type":"page","link":"https:\/\/lemanrunning.com\/en\/photos-kmv-de-fully-2025\/","title":{"rendered":"KMV photos of Fully"},"content":{"rendered":"<div data-elementor-type=\"wp-page\" data-elementor-id=\"17810\" class=\"elementor elementor-17810\" data-elementor-post-type=\"page\">\n\t\t\t\t\t\t<section class=\"elementor-section elementor-top-section elementor-element elementor-element-d415906 elementor-section-height-min-height elementor-section-boxed elementor-section-height-default elementor-section-items-middle\" data-id=\"d415906\" data-element_type=\"section\" data-e-type=\"section\" data-settings=\"{&quot;background_background&quot;:&quot;classic&quot;}\">\n\t\t\t\t\t\t\t<div class=\"elementor-background-overlay\"><\/div>\n\t\t\t\t\t\t\t<div class=\"elementor-container elementor-column-gap-default\">\n\t\t\t\t\t<div class=\"elementor-column elementor-col-100 elementor-top-column elementor-element elementor-element-b441e21\" data-id=\"b441e21\" data-element_type=\"column\" data-e-type=\"column\">\n\t\t\t<div class=\"elementor-widget-wrap elementor-element-populated\">\n\t\t\t\t\t\t<div class=\"elementor-element elementor-element-14203b6 elementor-widget elementor-widget-heading\" data-id=\"14203b6\" data-element_type=\"widget\" data-e-type=\"widget\" data-widget_type=\"heading.default\">\n\t\t\t\t<div class=\"elementor-widget-container\">\n\t\t\t\t\t<h2 class=\"elementor-heading-title elementor-size-default\">KMV photos of Fully<\/h2>\t\t\t\t<\/div>\n\t\t\t\t<\/div>\n\t\t\t\t\t<\/div>\n\t\t<\/div>\n\t\t\t\t\t<\/div>\n\t\t<\/section>\n\t\t<div class=\"elementor-element elementor-element-aafd374 e-flex e-con-boxed e-con e-parent\" data-id=\"aafd374\" data-element_type=\"container\" data-e-type=\"container\">\n\t\t\t\t\t<div class=\"e-con-inner\">\n\t\t\t\t<div class=\"elementor-element elementor-element-600b2a8 elementor-widget elementor-widget-text-editor\" data-id=\"600b2a8\" data-element_type=\"widget\" data-e-type=\"widget\" data-widget_type=\"text-editor.default\">\n\t\t\t\t<div class=\"elementor-widget-container\">\n\t\t\t\t\t\t\t\t\t<p><span>Relive the intensity of the <a href=\"https:\/\/lemanrunning.com\/course\/kv-de-fully\/\">Fully Vertical Kilometer<\/a> ! Discover all the photos taken by L\u00e9man Running, capturing the energy of the runners at the start and their determination at the finish. Immerse yourself in the heart of the action and join the heroes of the day! <strong>Click on the photo to download it free of charge.<\/strong><\/span><\/p>\t\t\t\t\t\t\t\t<\/div>\n\t\t\t\t<\/div>\n\t\t\t\t\t<\/div>\n\t\t\t\t<\/div>\n\t\t<div class=\"elementor-element elementor-element-b6ca6c9 e-flex e-con-boxed e-con e-parent\" data-id=\"b6ca6c9\" data-element_type=\"container\" data-e-type=\"container\">\n\t\t\t\t\t<div class=\"e-con-inner\">\n\t\t\t\t<div class=\"elementor-element elementor-element-ca0c3a7 elementor-widget elementor-widget-heading\" data-id=\"ca0c3a7\" data-element_type=\"widget\" data-e-type=\"widget\" data-widget_type=\"heading.default\">\n\t\t\t\t<div class=\"elementor-widget-container\">\n\t\t\t\t\t<h2 class=\"elementor-heading-title elementor-size-default\">Photos 2025<\/h2>\t\t\t\t<\/div>\n\t\t\t\t<\/div>\n\t\t\t\t\t<\/div>\n\t\t\t\t<\/div>\n\t\t<div class=\"elementor-element elementor-element-511bc8f e-flex e-con-boxed e-con e-parent\" data-id=\"511bc8f\" data-element_type=\"container\" data-e-type=\"container\">\n\t\t\t\t\t<div class=\"e-con-inner\">\n\t\t<div class=\"elementor-element elementor-element-82fc4e6 e-con-full e-flex e-con e-child\" data-id=\"82fc4e6\" data-element_type=\"container\" data-e-type=\"container\">\n\t\t\t\t<div class=\"elementor-element elementor-element-b1b69e4 elementor-widget elementor-widget-shortcode\" data-id=\"b1b69e4\" data-element_type=\"widget\" data-e-type=\"widget\" data-widget_type=\"shortcode.default\">\n\t\t\t\t<div class=\"elementor-widget-container\">\n\t\t\t\t\t\t\t<div class=\"elementor-shortcode\"><a data-flickr-embed=\"true\" href=\"https:\/\/www.flickr.com\/photos\/200732464@N08\/albums\/72177720329763735\" title=\"KMV Fully 2025\"><img fetchpriority=\"high\" decoding=\"async\" src=\"https:\/\/live.staticflickr.com\/65535\/54866011883_b7eab8b305_c.jpg\" width=\"1024\" height=\"768\" alt=\"KMV de Fully 2025\"\/><\/a><script async src=\"\/\/embedr.flickr.com\/assets\/client-code.js\" charset=\"utf-8\"><\/script><\/div>\n\t\t\t\t\t\t<\/div>\n\t\t\t\t<\/div>\n\t\t\t\t<\/div>\n\t\t<div class=\"elementor-element elementor-element-b4e29be e-con-full e-flex e-con e-child\" data-id=\"b4e29be\" data-element_type=\"container\" data-e-type=\"container\">\n\t\t<div class=\"elementor-element elementor-element-8bb9266 e-grid e-con-full e-con e-child\" data-id=\"8bb9266\" data-element_type=\"container\" data-e-type=\"container\">\n\t\t\t\t<div class=\"elementor-element elementor-element-d22b126 elementor-widget elementor-widget-html\" data-id=\"d22b126\" data-element_type=\"widget\" data-e-type=\"widget\" data-widget_type=\"html.default\">\n\t\t\t\t<div class=\"elementor-widget-container\">\n\t\t\t\t\t<script async src=\"https:\/\/pagead2.googlesyndication.com\/pagead\/js\/adsbygoogle.js?client=ca-pub-5267061060968545\"\n     crossorigin=\"anonymous\"><\/script>\n<ins class=\"adsbygoogle\"\n     style=\"display:block\"\n     data-ad-format=\"fluid\"\n     data-ad-layout-key=\"-6o+e8+59-86-24\"\n     data-ad-client=\"ca-pub-5267061060968545\"\n     data-ad-slot=\"6726595106\"><\/ins>\n<script>\n     (adsbygoogle = window.adsbygoogle || []).push({});\n<\/script>\t\t\t\t<\/div>\n\t\t\t\t<\/div>\n\t\t\t\t<div class=\"elementor-element elementor-element-e254eb5 elementor-widget elementor-widget-html\" data-id=\"e254eb5\" data-element_type=\"widget\" data-e-type=\"widget\" data-widget_type=\"html.default\">\n\t\t\t\t<div class=\"elementor-widget-container\">\n\t\t\t\t\t<script async src=\"https:\/\/pagead2.googlesyndication.com\/pagead\/js\/adsbygoogle.js?client=ca-pub-5267061060968545\"\n     crossorigin=\"anonymous\"><\/script>\n<ins class=\"adsbygoogle\"\n     style=\"display:block\"\n     data-ad-format=\"fluid\"\n     data-ad-layout-key=\"-6o+e8+59-86-24\"\n     data-ad-client=\"ca-pub-5267061060968545\"\n     data-ad-slot=\"6726595106\"><\/ins>\n<script>\n     (adsbygoogle = window.adsbygoogle || []).push({});\n<\/script>\t\t\t\t<\/div>\n\t\t\t\t<\/div>\n\t\t\t\t<\/div>\n\t\t\t\t<\/div>\n\t\t\t\t\t<\/div>\n\t\t\t\t<\/div>\n\t\t<div class=\"elementor-element elementor-element-c72a3f1 e-flex e-con-boxed e-con e-parent\" data-id=\"c72a3f1\" data-element_type=\"container\" data-e-type=\"container\">\n\t\t\t\t\t<div class=\"e-con-inner\">\n\t\t\t\t<div class=\"elementor-element elementor-element-f820c29 elementor-widget elementor-widget-heading\" data-id=\"f820c29\" data-element_type=\"widget\" data-e-type=\"widget\" data-widget_type=\"heading.default\">\n\t\t\t\t<div class=\"elementor-widget-container\">\n\t\t\t\t\t<h2 class=\"elementor-heading-title elementor-size-default\">2024 photos <\/h2>\t\t\t\t<\/div>\n\t\t\t\t<\/div>\n\t\t\t\t\t<\/div>\n\t\t\t\t<\/div>\n\t\t<div class=\"elementor-element elementor-element-4521dc6 e-flex e-con-boxed e-con e-parent\" data-id=\"4521dc6\" data-element_type=\"container\" data-e-type=\"container\">\n\t\t\t\t\t<div class=\"e-con-inner\">\n\t\t<div class=\"elementor-element elementor-element-6d9e370 e-con-full e-flex e-con e-child\" data-id=\"6d9e370\" data-element_type=\"container\" data-e-type=\"container\">\n\t\t\t\t<div class=\"elementor-element elementor-element-743e10c elementor-widget elementor-widget-shortcode\" data-id=\"743e10c\" data-element_type=\"widget\" data-e-type=\"widget\" data-widget_type=\"shortcode.default\">\n\t\t\t\t<div class=\"elementor-widget-container\">\n\t\t\t\t\t\t\t<div class=\"elementor-shortcode\"><a data-flickr-embed=\"true\" href=\"https:\/\/www.flickr.com\/photos\/200732464@N08\/albums\/72177720321375486\" title=\"Fully Vertical Kilometer 2024\"><img decoding=\"async\" src=\"https:\/\/live.staticflickr.com\/65535\/54082679499_abb9c52760_z.jpg\" width=\"800\" height=\"600\" alt=\"Kilom\u00e8tre Vertical de Fully 2024\"\/><\/a><script async src=\"\/\/embedr.flickr.com\/assets\/client-code.js\" charset=\"utf-8\"><\/script><\/div>\n\t\t\t\t\t\t<\/div>\n\t\t\t\t<\/div>\n\t\t\t\t<\/div>\n\t\t<div class=\"elementor-element elementor-element-64f9069 e-con-full e-flex e-con e-child\" data-id=\"64f9069\" data-element_type=\"container\" data-e-type=\"container\">\n\t\t<div class=\"elementor-element elementor-element-b29f9e2 e-grid e-con-full e-con e-child\" data-id=\"b29f9e2\" data-element_type=\"container\" data-e-type=\"container\">\n\t\t\t\t<div class=\"elementor-element elementor-element-7b279a7 elementor-widget elementor-widget-html\" data-id=\"7b279a7\" data-element_type=\"widget\" data-e-type=\"widget\" data-widget_type=\"html.default\">\n\t\t\t\t<div class=\"elementor-widget-container\">\n\t\t\t\t\t<script async src=\"https:\/\/pagead2.googlesyndication.com\/pagead\/js\/adsbygoogle.js?client=ca-pub-5267061060968545\"\n     crossorigin=\"anonymous\"><\/script>\n<ins class=\"adsbygoogle\"\n     style=\"display:block\"\n     data-ad-format=\"fluid\"\n     data-ad-layout-key=\"-6o+e8+59-86-24\"\n     data-ad-client=\"ca-pub-5267061060968545\"\n     data-ad-slot=\"6726595106\"><\/ins>\n<script>\n     (adsbygoogle = window.adsbygoogle || []).push({});\n<\/script>\t\t\t\t<\/div>\n\t\t\t\t<\/div>\n\t\t\t\t<div class=\"elementor-element elementor-element-ad57a86 elementor-widget elementor-widget-html\" data-id=\"ad57a86\" data-element_type=\"widget\" data-e-type=\"widget\" data-widget_type=\"html.default\">\n\t\t\t\t<div class=\"elementor-widget-container\">\n\t\t\t\t\t<script async src=\"https:\/\/pagead2.googlesyndication.com\/pagead\/js\/adsbygoogle.js?client=ca-pub-5267061060968545\"\n     crossorigin=\"anonymous\"><\/script>\n<ins class=\"adsbygoogle\"\n     style=\"display:block\"\n     data-ad-format=\"fluid\"\n     data-ad-layout-key=\"-6o+e8+59-86-24\"\n     data-ad-client=\"ca-pub-5267061060968545\"\n     data-ad-slot=\"6726595106\"><\/ins>\n<script>\n     (adsbygoogle = window.adsbygoogle || []).push({});\n<\/script>\t\t\t\t<\/div>\n\t\t\t\t<\/div>\n\t\t\t\t<\/div>\n\t\t\t\t<\/div>\n\t\t\t\t\t<\/div>\n\t\t\t\t<\/div>\n\t\t\t\t<\/div>","protected":false},"excerpt":{"rendered":"<p>Photos KMV de Fully Revivez en images l&#8217;intensit\u00e9 du Kilom\u00e8tre Vertical de Fully ! D\u00e9couvrez toutes les photos prises par L\u00e9man Running, capturant l\u2019\u00e9nergie des coureurs au d\u00e9part et leur [&hellip;]<\/p>\n","protected":false},"author":2,"featured_media":0,"parent":0,"menu_order":0,"comment_status":"closed","ping_status":"closed","template":"","meta":{"_acf_changed":false,"footnotes":""},"class_list":["post-17810","page","type-page","status-publish","hentry"],"acf":[],"yoast_head":"<!-- This site is optimized with the Yoast SEO Premium plugin v27.2 (Yoast SEO v27.3) - https:\/\/yoast.com\/product\/yoast-seo-premium-wordpress\/ -->\n<title>Photos KMV de Fully - par L\u00e9man Running<\/title>\n<meta name=\"description\" content=\"Le Passeport L\u00e9man Running enrichit votre exp\u00e9rience de course pendant un an avec des avantages exclusifs . 14,90 CHF\/\u20ac seulement\" \/>\n<meta name=\"robots\" content=\"index, follow, max-snippet:-1, max-image-preview:large, max-video-preview:-1\" \/>\n<link rel=\"canonical\" href=\"https:\/\/lemanrunning.com\/en\/photos-kmv-de-fully-2025\/\" \/>\n<meta property=\"og:locale\" content=\"en_GB\" \/>\n<meta property=\"og:type\" content=\"article\" \/>\n<meta property=\"og:title\" content=\"Photos KMV de Fully\" \/>\n<meta property=\"og:description\" content=\"Le Passeport L\u00e9man Running enrichit votre exp\u00e9rience de course pendant un an avec des avantages exclusifs . 14,90 CHF\/\u20ac seulement\" \/>\n<meta property=\"og:url\" content=\"https:\/\/lemanrunning.com\/en\/photos-kmv-de-fully-2025\/\" \/>\n<meta property=\"og:site_name\" content=\"L\u00e9man Running\" \/>\n<meta property=\"article:publisher\" content=\"https:\/\/www.facebook.com\/LemanRunning\/\" \/>\n<meta property=\"article:modified_time\" content=\"2025-10-19T20:38:01+00:00\" \/>\n<meta property=\"og:image\" content=\"https:\/\/lemanrunning.com\/wp-content\/uploads\/2024\/10\/DSC03632.jpg\" \/>\n\t<meta property=\"og:image:width\" content=\"2048\" \/>\n\t<meta property=\"og:image:height\" content=\"1724\" \/>\n\t<meta property=\"og:image:type\" content=\"image\/jpeg\" \/>\n<meta name=\"twitter:card\" content=\"summary_large_image\" \/>\n<meta name=\"twitter:label1\" content=\"Estimated reading time\" \/>\n\t<meta name=\"twitter:data1\" content=\"1 minute\" \/>\n<script type=\"application\/ld+json\" class=\"yoast-schema-graph\">{\"@context\":\"https:\\\/\\\/schema.org\",\"@graph\":[{\"@type\":\"WebPage\",\"@id\":\"https:\\\/\\\/lemanrunning.com\\\/photos-kmv-de-fully-2025\\\/\",\"url\":\"https:\\\/\\\/lemanrunning.com\\\/photos-kmv-de-fully-2025\\\/\",\"name\":\"Photos KMV de Fully - par L\u00e9man Running\",\"isPartOf\":{\"@id\":\"https:\\\/\\\/lemanrunning.com\\\/#website\"},\"primaryImageOfPage\":{\"@id\":\"https:\\\/\\\/lemanrunning.com\\\/photos-kmv-de-fully-2025\\\/#primaryimage\"},\"image\":{\"@id\":\"https:\\\/\\\/lemanrunning.com\\\/photos-kmv-de-fully-2025\\\/#primaryimage\"},\"thumbnailUrl\":\"https:\\\/\\\/live.staticflickr.com\\\/65535\\\/54866011883_b7eab8b305_c.jpg\",\"datePublished\":\"2024-10-21T10:13:46+00:00\",\"dateModified\":\"2025-10-19T20:38:01+00:00\",\"description\":\"Le Passeport L\u00e9man Running enrichit votre exp\u00e9rience de course pendant un an avec des avantages exclusifs . 14,90 CHF\\\/\u20ac seulement\",\"breadcrumb\":{\"@id\":\"https:\\\/\\\/lemanrunning.com\\\/photos-kmv-de-fully-2025\\\/#breadcrumb\"},\"inLanguage\":\"en-GB\",\"potentialAction\":[{\"@type\":\"ReadAction\",\"target\":[\"https:\\\/\\\/lemanrunning.com\\\/photos-kmv-de-fully-2025\\\/\"]}]},{\"@type\":\"ImageObject\",\"inLanguage\":\"en-GB\",\"@id\":\"https:\\\/\\\/lemanrunning.com\\\/photos-kmv-de-fully-2025\\\/#primaryimage\",\"url\":\"https:\\\/\\\/live.staticflickr.com\\\/65535\\\/54866011883_b7eab8b305_c.jpg\",\"contentUrl\":\"https:\\\/\\\/live.staticflickr.com\\\/65535\\\/54866011883_b7eab8b305_c.jpg\"},{\"@type\":\"BreadcrumbList\",\"@id\":\"https:\\\/\\\/lemanrunning.com\\\/photos-kmv-de-fully-2025\\\/#breadcrumb\",\"itemListElement\":[{\"@type\":\"ListItem\",\"position\":1,\"name\":\"Accueil\",\"item\":\"https:\\\/\\\/lemanrunning.com\\\/\"},{\"@type\":\"ListItem\",\"position\":2,\"name\":\"Photos KMV de Fully\"}]},{\"@type\":\"WebSite\",\"@id\":\"https:\\\/\\\/lemanrunning.com\\\/#website\",\"url\":\"https:\\\/\\\/lemanrunning.com\\\/\",\"name\":\"L\u00e9man Running - Calendrier des courses, annuaire de coachs et th\u00e9rapeutes, sorties et entrainements en groupe.\",\"description\":\"L&#039;esprit du L\u00e9man, la passion du running.\",\"publisher\":{\"@id\":\"https:\\\/\\\/lemanrunning.com\\\/#organization\"},\"potentialAction\":[{\"@type\":\"SearchAction\",\"target\":{\"@type\":\"EntryPoint\",\"urlTemplate\":\"https:\\\/\\\/lemanrunning.com\\\/?s={search_term_string}\"},\"query-input\":{\"@type\":\"PropertyValueSpecification\",\"valueRequired\":true,\"valueName\":\"search_term_string\"}}],\"inLanguage\":\"en-GB\"},{\"@type\":\"Organization\",\"@id\":\"https:\\\/\\\/lemanrunning.com\\\/#organization\",\"name\":\"L\u00e9man Running\",\"url\":\"https:\\\/\\\/lemanrunning.com\\\/\",\"logo\":{\"@type\":\"ImageObject\",\"inLanguage\":\"en-GB\",\"@id\":\"https:\\\/\\\/lemanrunning.com\\\/#\\\/schema\\\/logo\\\/image\\\/\",\"url\":\"https:\\\/\\\/lemanrunning.com\\\/wp-content\\\/uploads\\\/2024\\\/06\\\/new-logo-leman-running.png\",\"contentUrl\":\"https:\\\/\\\/lemanrunning.com\\\/wp-content\\\/uploads\\\/2024\\\/06\\\/new-logo-leman-running.png\",\"width\":350,\"height\":100,\"caption\":\"L\u00e9man Running\"},\"image\":{\"@id\":\"https:\\\/\\\/lemanrunning.com\\\/#\\\/schema\\\/logo\\\/image\\\/\"},\"sameAs\":[\"https:\\\/\\\/www.facebook.com\\\/LemanRunning\\\/\",\"https:\\\/\\\/www.instagram.com\\\/leman_running\\\/\",\"https:\\\/\\\/www.linkedin.com\\\/company\\\/lman-running\\\/\",\"https:\\\/\\\/www.youtube.com\\\/channel\\\/UCy8GQKd8l8LZwU75KXDP-4g?view_as=subscriber\",\"https:\\\/\\\/www.strava.com\\\/clubs\\\/538259?oq=l\"]}]}<\/script>\n<!-- \/ Yoast SEO Premium plugin. -->","yoast_head_json":{"title":"KMV photos of Fully - by L\u00e9man Running","description":"The L\u00e9man Running Passport enriches your running experience for a year with exclusive benefits. 14.90 CHF\/\u20ac only","robots":{"index":"index","follow":"follow","max-snippet":"max-snippet:-1","max-image-preview":"max-image-preview:large","max-video-preview":"max-video-preview:-1"},"canonical":"https:\/\/lemanrunning.com\/en\/photos-kmv-de-fully-2025\/","og_locale":"en_GB","og_type":"article","og_title":"Photos KMV de Fully","og_description":"Le Passeport L\u00e9man Running enrichit votre exp\u00e9rience de course pendant un an avec des avantages exclusifs . 14,90 CHF\/\u20ac seulement","og_url":"https:\/\/lemanrunning.com\/en\/photos-kmv-de-fully-2025\/","og_site_name":"L\u00e9man Running","article_publisher":"https:\/\/www.facebook.com\/LemanRunning\/","article_modified_time":"2025-10-19T20:38:01+00:00","og_image":[{"width":2048,"height":1724,"url":"https:\/\/lemanrunning.com\/wp-content\/uploads\/2024\/10\/DSC03632.jpg","type":"image\/jpeg"}],"twitter_card":"summary_large_image","twitter_misc":{"Estimated reading time":"1 minute"},"schema":{"@context":"https:\/\/schema.org","@graph":[{"@type":"WebPage","@id":"https:\/\/lemanrunning.com\/photos-kmv-de-fully-2025\/","url":"https:\/\/lemanrunning.com\/photos-kmv-de-fully-2025\/","name":"KMV photos of Fully - by L\u00e9man Running","isPartOf":{"@id":"https:\/\/lemanrunning.com\/#website"},"primaryImageOfPage":{"@id":"https:\/\/lemanrunning.com\/photos-kmv-de-fully-2025\/#primaryimage"},"image":{"@id":"https:\/\/lemanrunning.com\/photos-kmv-de-fully-2025\/#primaryimage"},"thumbnailUrl":"https:\/\/live.staticflickr.com\/65535\/54866011883_b7eab8b305_c.jpg","datePublished":"2024-10-21T10:13:46+00:00","dateModified":"2025-10-19T20:38:01+00:00","description":"The L\u00e9man Running Passport enriches your running experience for a year with exclusive benefits. 14.90 CHF\/\u20ac only","breadcrumb":{"@id":"https:\/\/lemanrunning.com\/photos-kmv-de-fully-2025\/#breadcrumb"},"inLanguage":"en-GB","potentialAction":[{"@type":"ReadAction","target":["https:\/\/lemanrunning.com\/photos-kmv-de-fully-2025\/"]}]},{"@type":"ImageObject","inLanguage":"en-GB","@id":"https:\/\/lemanrunning.com\/photos-kmv-de-fully-2025\/#primaryimage","url":"https:\/\/live.staticflickr.com\/65535\/54866011883_b7eab8b305_c.jpg","contentUrl":"https:\/\/live.staticflickr.com\/65535\/54866011883_b7eab8b305_c.jpg"},{"@type":"BreadcrumbList","@id":"https:\/\/lemanrunning.com\/photos-kmv-de-fully-2025\/#breadcrumb","itemListElement":[{"@type":"ListItem","position":1,"name":"Accueil","item":"https:\/\/lemanrunning.com\/"},{"@type":"ListItem","position":2,"name":"Photos KMV de Fully"}]},{"@type":"WebSite","@id":"https:\/\/lemanrunning.com\/#website","url":"https:\/\/lemanrunning.com\/","name":"L\u00e9man Running - Race calendar, directory of coaches and therapists, group outings and training.","description":"The spirit of Lake Geneva, a passion for running.","publisher":{"@id":"https:\/\/lemanrunning.com\/#organization"},"potentialAction":[{"@type":"SearchAction","target":{"@type":"EntryPoint","urlTemplate":"https:\/\/lemanrunning.com\/?s={search_term_string}"},"query-input":{"@type":"PropertyValueSpecification","valueRequired":true,"valueName":"search_term_string"}}],"inLanguage":"en-GB"},{"@type":"Organization","@id":"https:\/\/lemanrunning.com\/#organization","name":"L\u00e9man Running","url":"https:\/\/lemanrunning.com\/","logo":{"@type":"ImageObject","inLanguage":"en-GB","@id":"https:\/\/lemanrunning.com\/#\/schema\/logo\/image\/","url":"https:\/\/lemanrunning.com\/wp-content\/uploads\/2024\/06\/new-logo-leman-running.png","contentUrl":"https:\/\/lemanrunning.com\/wp-content\/uploads\/2024\/06\/new-logo-leman-running.png","width":350,"height":100,"caption":"L\u00e9man Running"},"image":{"@id":"https:\/\/lemanrunning.com\/#\/schema\/logo\/image\/"},"sameAs":["https:\/\/www.facebook.com\/LemanRunning\/","https:\/\/www.instagram.com\/leman_running\/","https:\/\/www.linkedin.com\/company\/lman-running\/","https:\/\/www.youtube.com\/channel\/UCy8GQKd8l8LZwU75KXDP-4g?view_as=subscriber","https:\/\/www.strava.com\/clubs\/538259?oq=l"]}]}},"_links":{"self":[{"href":"https:\/\/lemanrunning.com\/en\/wp-json\/wp\/v2\/pages\/17810","targetHints":{"allow":["GET"]}}],"collection":[{"href":"https:\/\/lemanrunning.com\/en\/wp-json\/wp\/v2\/pages"}],"about":[{"href":"https:\/\/lemanrunning.com\/en\/wp-json\/wp\/v2\/types\/page"}],"author":[{"embeddable":true,"href":"https:\/\/lemanrunning.com\/en\/wp-json\/wp\/v2\/users\/2"}],"replies":[{"embeddable":true,"href":"https:\/\/lemanrunning.com\/en\/wp-json\/wp\/v2\/comments?post=17810"}],"version-history":[{"count":4,"href":"https:\/\/lemanrunning.com\/en\/wp-json\/wp\/v2\/pages\/17810\/revisions"}],"predecessor-version":[{"id":25168,"href":"https:\/\/lemanrunning.com\/en\/wp-json\/wp\/v2\/pages\/17810\/revisions\/25168"}],"wp:attachment":[{"href":"https:\/\/lemanrunning.com\/en\/wp-json\/wp\/v2\/media?parent=17810"}],"curies":[{"name":"wp","href":"https:\/\/api.w.org\/{rel}","templated":true}]}}