{"id":17649,"date":"2024-09-21T13:45:09","date_gmt":"2024-09-21T11:45:09","guid":{"rendered":"https:\/\/lemanrunning.com\/register\/"},"modified":"2025-01-22T19:08:26","modified_gmt":"2025-01-22T18:08:26","slug":"enregistration","status":"publish","type":"page","link":"https:\/\/lemanrunning.com\/en\/enregistration\/","title":{"rendered":"Sign up"},"content":{"rendered":"\t\t<div data-elementor-type=\"wp-page\" data-elementor-id=\"17649\" class=\"elementor elementor-17649\" data-elementor-post-type=\"page\">\n\t\t\t\t\t\t<section class=\"elementor-section elementor-top-section elementor-element elementor-element-515f10e elementor-section-height-min-height elementor-section-boxed elementor-section-height-default elementor-section-items-middle\" data-id=\"515f10e\" data-element_type=\"section\" data-e-type=\"section\" data-settings=\"{&quot;background_background&quot;:&quot;classic&quot;}\">\n\t\t\t\t\t\t\t<div class=\"elementor-background-overlay\"><\/div>\n\t\t\t\t\t\t\t<div class=\"elementor-container elementor-column-gap-default\">\n\t\t\t\t\t<div class=\"elementor-column elementor-col-100 elementor-top-column elementor-element elementor-element-ee19fb0\" data-id=\"ee19fb0\" data-element_type=\"column\" data-e-type=\"column\">\n\t\t\t<div class=\"elementor-widget-wrap elementor-element-populated\">\n\t\t\t\t\t\t<div class=\"elementor-element elementor-element-136272c elementor-widget elementor-widget-heading\" data-id=\"136272c\" data-element_type=\"widget\" data-e-type=\"widget\" data-widget_type=\"heading.default\">\n\t\t\t\t<div class=\"elementor-widget-container\">\n\t\t\t\t\t<h2 class=\"elementor-heading-title elementor-size-default\">S'INSCRIRE<\/h2>\t\t\t\t<\/div>\n\t\t\t\t<\/div>\n\t\t\t\t\t<\/div>\n\t\t<\/div>\n\t\t\t\t\t<\/div>\n\t\t<\/section>\n\t\t<div class=\"elementor-element elementor-element-d1bf7ee e-flex e-con-boxed e-con e-parent\" data-id=\"d1bf7ee\" data-element_type=\"container\" data-e-type=\"container\">\n\t\t\t\t\t<div class=\"e-con-inner\">\n\t\t\t\t<div class=\"elementor-element elementor-element-960e423 elementor-widget elementor-widget-heading\" data-id=\"960e423\" data-element_type=\"widget\" data-e-type=\"widget\" data-widget_type=\"heading.default\">\n\t\t\t\t<div class=\"elementor-widget-container\">\n\t\t\t\t\t<h2 class=\"elementor-heading-title elementor-size-default\">REJOINS NOTRE COMMUNAUT\u00c9<\/h2>\t\t\t\t<\/div>\n\t\t\t\t<\/div>\n\t\t\t\t<div class=\"elementor-element elementor-element-00eafc8 elementor-widget elementor-widget-text-editor\" data-id=\"00eafc8\" data-element_type=\"widget\" data-e-type=\"widget\" data-widget_type=\"text-editor.default\">\n\t\t\t\t<div class=\"elementor-widget-container\">\n\t\t\t\t\t\t\t\t\t<p>Avant de vous inscrire veuillez souscrire \u00e0 notre <a href=\"https:\/\/lemanrunning.com\/boutique\/Passeport-L\u00e9man-Running-2024-Offre-combin\u00e9e-p367083217\">carte de membre &gt;, <\/a>pour b\u00e9n\u00e9ficier des nombreux avantages\u00a0<\/p>\t\t\t\t\t\t\t\t<\/div>\n\t\t\t\t<\/div>\n\t\t\t\t\t<\/div>\n\t\t\t\t<\/div>\n\t\t<div class=\"elementor-element elementor-element-22d460d0 e-flex e-con-boxed e-con e-parent\" data-id=\"22d460d0\" data-element_type=\"container\" data-e-type=\"container\">\n\t\t\t\t\t<div class=\"e-con-inner\">\n\t\t\t\t<div class=\"elementor-element elementor-element-4f8f2951 elementor-widget elementor-widget-shortcode\" data-id=\"4f8f2951\" data-element_type=\"widget\" data-e-type=\"widget\" data-widget_type=\"shortcode.default\">\n\t\t\t\t<div class=\"elementor-widget-container\">\n\t\t\t\t\t\t\t<div class=\"elementor-shortcode\">\n<div class=\"um um-register um-17643\">\n\t<div class=\"um-form\" data-mode=\"register\">\n\t\t<form method=\"post\" action=\"\">\n\t\t\t<div class=\"um-row _um_row_1 \" style=\"margin: 0 0 30px 0;\"><div class=\"um-col-1\"><div  id=\"um_field_17643_user_login\" class=\"um-field um-field-text  um-field-user_login um-field-text um-field-type_text\" data-key=\"user_login\"><div class=\"um-field-label\"><label for=\"user_login-17643\">choisis ton identifiant<span class=\"um-req\" title=\"Required\">*<\/span><\/label><span class=\"um-tip um-tip-w\" title=\"Choisis ton identifiant\"><i class=\"um-icon-help-circled\"><\/i><\/span><div class=\"um-clear\"><\/div><\/div><div class=\"um-field-area\"><input  autocomplete=\"off\" class=\"um-form-field valid \" type=\"text\" name=\"user_login-17643\" id=\"user_login-17643\" value=\"Choisis ton identifiant\" placeholder=\"Identifiant\" data-validate=\"unique_username\" data-key=\"user_login\"  aria-invalid=\"false\" \/>\n\n\t\t\t\t\t\t<\/div><\/div><div  id=\"um_field_17643_first_name\" class=\"um-field um-field-text  um-field-first_name um-field-text um-field-type_text\" data-key=\"first_name\"><div class=\"um-field-label\"><label for=\"first_name-17643\">Pr\u00e9nom<span class=\"um-req\" title=\"Required\">*<\/span><\/label><span class=\"um-tip um-tip-w\" title=\"Pr\u00e9nom\"><i class=\"um-icon-help-circled\"><\/i><\/span><div class=\"um-clear\"><\/div><\/div><div class=\"um-field-area\"><input  autocomplete=\"off\" class=\"um-form-field valid \" type=\"text\" name=\"first_name-17643\" id=\"first_name-17643\" value=\"Pr\u00e9nom\" placeholder=\"Pr\u00e9nom\" data-validate=\"\" data-key=\"first_name\"  aria-invalid=\"false\" \/>\n\n\t\t\t\t\t\t<\/div><\/div><div  id=\"um_field_17643_last_name\" class=\"um-field um-field-text  um-field-last_name um-field-text um-field-type_text\" data-key=\"last_name\"><div class=\"um-field-label\"><label for=\"last_name-17643\">Nom<span class=\"um-req\" title=\"Required\">*<\/span><\/label><span class=\"um-tip um-tip-w\" title=\"Nom\"><i class=\"um-icon-help-circled\"><\/i><\/span><div class=\"um-clear\"><\/div><\/div><div class=\"um-field-area\"><input  autocomplete=\"off\" class=\"um-form-field valid \" type=\"text\" name=\"last_name-17643\" id=\"last_name-17643\" value=\"Nom\" placeholder=\"Nom\" data-validate=\"\" data-key=\"last_name\"  aria-invalid=\"false\" \/>\n\n\t\t\t\t\t\t<\/div><\/div><div  id=\"um_field_17643_user_email\" class=\"um-field um-field-text  um-field-user_email um-field-text um-field-type_text\" data-key=\"user_email\"><div class=\"um-field-label\"><label for=\"user_email-17643\">Adresse e-mail<span class=\"um-req\" title=\"Required\">*<\/span><\/label><span class=\"um-tip um-tip-w\" title=\"Adresse e-mail\"><i class=\"um-icon-help-circled\"><\/i><\/span><div class=\"um-clear\"><\/div><\/div><div class=\"um-field-area\"><input  autocomplete=\"off\" class=\"um-form-field valid \" type=\"text\" name=\"user_email-17643\" id=\"user_email-17643\" value=\"Adresse e-mail\" placeholder=\"Adresse e-mail\" data-validate=\"unique_email\" data-key=\"user_email\"  aria-invalid=\"false\" \/>\n\n\t\t\t\t\t\t<\/div><\/div><div  id=\"um_field_17643_user_password\" class=\"um-field um-field-password  um-field-user_password um-field-password um-field-type_password\" data-key=\"user_password\"><div class=\"um-field-label\"><label for=\"user_password-17643\">Mot de passe<span class=\"um-req\" title=\"Required\">*<\/span><\/label><span class=\"um-tip um-tip-w\" title=\"Mot de passe\"><i class=\"um-icon-help-circled\"><\/i><\/span><div class=\"um-clear\"><\/div><\/div><div class=\"um-field-area\"><div class=\"um-field-area-password\">\n\t\t\t\t\t\t\t\t\t<input class=\"um-form-field valid \" type=\"password\" name=\"user_password-17643\" id=\"user_password-17643\" value=\"\" placeholder=\"Mot de passe\" data-validate=\"\" data-key=\"user_password\"  aria-invalid=\"false\" \/>\n\t\t\t\t\t\t\t\t\t<span class=\"um-toggle-password\"><i class=\"um-icon-eye\"><\/i><\/span>\n\t\t\t\t\t\t\t\t<\/div>\n\t\t\t\t\t\t\t<\/div><\/div><div  id=\"um_field_17643_confirm_user_password\" class=\"um-field um-field-password  um-field-user_password um-field-password um-field-type_password\" data-key=\"confirm_user_password\"><div class=\"um-field-label\"><label for=\"confirm_user_password-17643\">Confirm Mot de passe<span class=\"um-req\" title=\"Required\">*<\/span><\/label><div class=\"um-clear\"><\/div><\/div><div class=\"um-field-area\"><div class=\"um-field-area-password\"><input class=\"um-form-field valid \" type=\"password\" name=\"confirm_user_password-17643\" id=\"confirm_user_password-17643\" value=\"\" placeholder=\"Confirm Mot de passe\" data-validate=\"\" data-key=\"confirm_user_password\"  aria-invalid=\"false\" \/><span class=\"um-toggle-password\"><i class=\"um-icon-eye\"><\/i><\/span><\/div><\/div><\/div><\/div><\/div>\n<!-- This file should primarily consist of HTML with a little bit of PHP. -->\n<div class=\"um-field um-field-type_terms_conditions\" data-key=\"use_terms_conditions_agreement\" style=\"display:block;padding:0;\">\n\t<div class=\"um-field-area\">\n\t\t<div class=\"um-gdpr-content\" style=\"display:none;\">\n\t\t\t<p>\/*! elementor &#8211; v3.22.0 &#8211; 24-06-2024 *\/<br \/>\n.elementor-heading-title{padding:0;margin:0;line-height:1}.elementor-widget-heading .elementor-heading-title[class*=elementor-size-]&gt;a{color:inherit;font-size:inherit;line-height:inherit}.elementor-widget-heading .elementor-heading-title.elementor-size-small{font-size:15px}.elementor-widget-heading .elementor-heading-title.elementor-size-medium{font-size:19px}.elementor-widget-heading .elementor-heading-title.elementor-size-large{font-size:29px}.elementor-widget-heading .elementor-heading-title.elementor-size-xl{font-size:39px}.elementor-widget-heading .elementor-heading-title.elementor-size-xxl{font-size:59px}<\/p>\n<h2> Politique de Confidentialit\u00e9\u200b<\/h2>\n<p><strong>Introduction<\/strong><\/p>\n<p>Bienvenue sur le site L\u00e9man Running (lemanrunning.com). Nous nous engageons \u00e0 prot\u00e9ger et \u00e0 respecter votre vie priv\u00e9e. Cette politique de confidentialit\u00e9 explique comment nous collectons, utilisons, divulguons et prot\u00e9geons vos informations personnelles.<\/p>\n<p><strong>1. Informations que nous collectons<\/strong><\/p>\n<p>Nous pouvons collecter et traiter les types de donn\u00e9es suivants :<\/p>\n<ul>\n<li>\n<p><strong>Informations que vous nous fournissez<\/strong> : Lorsque vous remplissez des formulaires sur notre site, souscrivez \u00e0 nos services, participez \u00e0 des forums de discussion ou interagissez avec nous de toute autre mani\u00e8re, vous pouvez nous fournir des informations personnelles telles que votre nom, adresse e-mail, num\u00e9ro de t\u00e9l\u00e9phone et autres coordonn\u00e9es.<\/p>\n<\/li>\n<li>\n<p><strong>Informations collect\u00e9es automatiquement<\/strong> : Lorsque vous visitez notre site, nous pouvons collecter automatiquement certaines informations techniques, y compris l&#8217;adresse IP, le type et la version du navigateur, le fuseau horaire, les types et versions de plug-in de navigateur, le syst\u00e8me d&#8217;exploitation et la plate-forme.<\/p>\n<\/li>\n<\/ul>\n<p><strong>2. Utilisation des informations<\/strong><\/p>\n<p>Nous utilisons les informations que nous collectons pour :<\/p>\n<ul>\n<li>Vous fournir les informations, produits et services que vous demandez.<\/li>\n<li>Am\u00e9liorer notre site pour garantir que le contenu est pr\u00e9sent\u00e9 de la mani\u00e8re la plus efficace pour vous et pour votre appareil.<\/li>\n<li>Administrer notre site et pour des op\u00e9rations internes, y compris le d\u00e9pannage, l&#8217;analyse des donn\u00e9es, les tests, la recherche, les statistiques et les enqu\u00eates.<\/li>\n<\/ul>\n<p><strong>3. Divulgation de vos informations<\/strong><\/p>\n<p>Nous ne vendons, n&#8217;\u00e9changeons, ni ne louons vos informations personnelles \u00e0 des tiers. Nous pouvons divulguer vos informations personnelles \u00e0 des tiers uniquement dans les cas suivants :<\/p>\n<ul>\n<li>Si nous sommes tenus de divulguer ou de partager vos donn\u00e9es personnelles pour respecter une obligation l\u00e9gale.<\/li>\n<li>Pour prot\u00e9ger les droits, la propri\u00e9t\u00e9 ou la s\u00e9curit\u00e9 de L\u00e9man Running, de nos utilisateurs ou d&#8217;autres personnes.<\/li>\n<\/ul>\n<p><strong>4. S\u00e9curit\u00e9 de vos informations<\/strong><\/p>\n<p>Nous mettons en \u0153uvre des mesures de s\u00e9curit\u00e9 pour prot\u00e9ger vos informations contre tout acc\u00e8s non autoris\u00e9, modification, divulgation ou destruction. Cependant, aucune transmission de donn\u00e9es sur Internet ou m\u00e9thode de stockage \u00e9lectronique n&#8217;est totalement s\u00e9curis\u00e9e. Par cons\u00e9quent, bien que nous nous efforcions de prot\u00e9ger vos informations personnelles, nous ne pouvons garantir leur s\u00e9curit\u00e9 absolue.<\/p>\n<p><strong>5. Vos droits<\/strong><\/p>\n<p>Vous avez le droit de demander l&#8217;acc\u00e8s aux informations personnelles que nous d\u00e9tenons \u00e0 votre sujet, de demander la correction de toute information inexacte et de demander la suppression de vos informations personnelles. Pour exercer ces droits, veuillez nous contacter \u00e0 l&#8217;adresse e-mail indiqu\u00e9e ci-dessous.<\/p>\n<p><strong>6. Modifications de notre politique de confidentialit\u00e9<\/strong><\/p>\n<p>Nous pouvons modifier cette politique de confidentialit\u00e9 de temps en temps. Nous publierons toute modification sur cette page et, si les modifications sont significatives, nous vous en informerons par e-mail.<\/p>\n<p><strong>7. Contact<\/strong><\/p>\n<p>Pour toute question concernant cette politique de confidentialit\u00e9, veuillez nous contacter \u00e0 :<\/p>\n<p>Email : <a rel=\"noreferrer\">contact@lemanrunning.com<\/a><\/p>\n<hr \/>\n<p><strong>Date de la derni\u00e8re mise \u00e0 jour :<\/strong> 24.06.2024<\/p>\n\t\t<\/div>\n\t\t<a href=\"javascript:void(0);\" class=\"um-toggle-gdpr\" data-toggle-state=\"hidden\"\n\t\t\tdata-toggle-show=\"Afficher la politique de confidentialit\u00e9\"\n\t\t\tdata-toggle-hide=\"Masquer la politique de confidentialit\u00e9\">\n\t\t\tAfficher la politique de confidentialit\u00e9\t\t<\/a>\n\t<\/div>\n\t<div class=\"um-field-area\">\n\t\t<label class=\"um-field-checkbox\">\n\t\t\t<input type=\"checkbox\" name=\"use_gdpr_agreement\" value=\"1\">\n\t\t\t<span class=\"um-field-checkbox-state\"><i class=\"um-icon-android-checkbox-outline-blank\"><\/i><\/span>\n\t\t\t<span class=\"um-field-checkbox-option\">Veuillez confirmer que vous acceptez notre politique de confidentialit\u00e9<\/span>\n\t\t<\/label>\n\t\t<div class=\"um-clear\"><\/div>\n\t\t\t\t<div class=\"um-clear\"><\/div>\n\t<\/div>\n<\/div>\n\t<input type=\"hidden\" name=\"form_id\" id=\"form_id_17643\" value=\"17643\" \/>\n\t\t<p class=\"um_request_name\">\n\t\t<label for=\"um_request_17643\">Only fill in if you are not human<\/label>\n\t\t<input type=\"hidden\" name=\"um_request\" id=\"um_request_17643\" class=\"input\" value=\"\" size=\"25\" autocomplete=\"off\" \/>\n\t<\/p>\n\t<input type=\"hidden\" id=\"_wpnonce\" name=\"_wpnonce\" value=\"b4f9db5d9b\" \/><input type=\"hidden\" name=\"_wp_http_referer\" value=\"\/en\/wp-json\/wp\/v2\/pages\/17649\" \/>\n\t<div class=\"um-col-alt\">\n\n\t\t\n\t\t\t<div class=\"um-center\">\n\t\t\t\t<input type=\"submit\" value=\"S\u2019inscrire\" class=\"um-button\" id=\"um-submit-btn\" \/>\n\t\t\t<\/div>\n\n\t\t\n\t\t<div class=\"um-clear\"><\/div>\n\n\t<\/div>\n\n\t\t\t<\/form>\n\t<\/div>\n<\/div>\n<style>\n\t\t\t.um-17643.um {\n\t\t\tmax-width: 450px;\n\t\t}\n\t\t<\/style>\n<\/div>\n\t\t\t\t\t\t<\/div>\n\t\t\t\t<\/div>\n\t\t\t\t\t<\/div>\n\t\t\t\t<\/div>\n\t\t<div class=\"elementor-element elementor-element-3d80cfe e-flex e-con-boxed e-con e-parent\" data-id=\"3d80cfe\" data-element_type=\"container\" data-e-type=\"container\">\n\t\t\t\t\t<div class=\"e-con-inner\">\n\t\t\t\t\t<\/div>\n\t\t\t\t<\/div>\n\t\t<div class=\"elementor-element elementor-element-6e4c22e e-flex e-con-boxed e-con e-parent\" data-id=\"6e4c22e\" data-element_type=\"container\" data-e-type=\"container\">\n\t\t\t\t\t<div class=\"e-con-inner\">\n\t\t\t\t<div class=\"elementor-element elementor-element-611f5d2 elementor-hidden-mobile elementor-widget elementor-widget-html\" data-id=\"611f5d2\" data-element_type=\"widget\" data-e-type=\"widget\" data-widget_type=\"html.default\">\n\t\t\t\t<div class=\"elementor-widget-container\">\n\t\t\t\t\t<a href=\"https:\/\/fsx.i-run.fr\/?P4572B58571B1429\">\n  <img decoding=\"async\" src=\"https:\/\/fsx.i-run.fr\/?a=P4572B58571B1429\">\n<\/a>\t\t\t\t<\/div>\n\t\t\t\t<\/div>\n\t\t\t\t\t<\/div>\n\t\t\t\t<\/div>\n\t\t<div class=\"elementor-element elementor-element-081fa85 e-flex e-con-boxed e-con e-parent\" data-id=\"081fa85\" data-element_type=\"container\" data-e-type=\"container\">\n\t\t\t\t\t<div class=\"e-con-inner\">\n\t\t\t\t<div class=\"elementor-element elementor-element-3b621c0 elementor-hidden-desktop elementor-hidden-tablet elementor-widget elementor-widget-html\" data-id=\"3b621c0\" data-element_type=\"widget\" data-e-type=\"widget\" data-widget_type=\"html.default\">\n\t\t\t\t<div class=\"elementor-widget-container\">\n\t\t\t\t\t<a href=\"https:\/\/fsx.i-run.fr\/?P4572B58571B149\">\n  <img decoding=\"async\" src=\"https:\/\/fsx.i-run.fr\/?a=P4572B58571B149\">\n<\/a>\t\t\t\t<\/div>\n\t\t\t\t<\/div>\n\t\t\t\t\t<\/div>\n\t\t\t\t<\/div>\n\t\t\t\t<\/div>\n\t\t","protected":false},"excerpt":{"rendered":"<p>SIGN UP JOIN OUR COMMUNITY Before you sign up, please subscribe to our membership card &gt;, to benefit from the numerous advantages\u00a0<\/p>","protected":false},"author":2,"featured_media":0,"parent":0,"menu_order":0,"comment_status":"closed","ping_status":"closed","template":"","meta":{"_acf_changed":false,"footnotes":""},"class_list":["post-17649","page","type-page","status-publish","hentry"],"acf":[],"yoast_head":"<!-- This site is optimized with the Yoast SEO Premium plugin v27.2 (Yoast SEO v27.3) - https:\/\/yoast.com\/product\/yoast-seo-premium-wordpress\/ -->\n<title>S\u2019inscrire - L\u00e9man Running<\/title>\n<meta name=\"robots\" content=\"index, follow, max-snippet:-1, max-image-preview:large, max-video-preview:-1\" \/>\n<link rel=\"canonical\" href=\"https:\/\/lemanrunning.com\/en\/enregistration\/\" \/>\n<meta property=\"og:locale\" content=\"en_GB\" \/>\n<meta property=\"og:type\" content=\"article\" \/>\n<meta property=\"og:title\" content=\"S\u2019inscrire\" \/>\n<meta property=\"og:description\" content=\"S&#8217;INSCRIRE REJOINS NOTRE COMMUNAUT\u00c9 Avant de vous inscrire veuillez souscrire \u00e0 notre carte de membre &gt;, pour b\u00e9n\u00e9ficier des nombreux avantages\u00a0\" \/>\n<meta property=\"og:url\" content=\"https:\/\/lemanrunning.com\/en\/enregistration\/\" \/>\n<meta property=\"og:site_name\" content=\"L\u00e9man Running\" \/>\n<meta property=\"article:publisher\" content=\"https:\/\/www.facebook.com\/LemanRunning\/\" \/>\n<meta property=\"article:modified_time\" content=\"2025-01-22T18:08:26+00:00\" \/>\n<meta property=\"og:image\" content=\"https:\/\/fsx.i-run.fr\/?a=P4572B58571B1429\" \/>\n<meta name=\"twitter:card\" content=\"summary_large_image\" \/>\n<meta name=\"twitter:label1\" content=\"Estimated reading time\" \/>\n\t<meta name=\"twitter:data1\" content=\"1 minute\" \/>\n<script type=\"application\/ld+json\" class=\"yoast-schema-graph\">{\"@context\":\"https:\\\/\\\/schema.org\",\"@graph\":[{\"@type\":\"WebPage\",\"@id\":\"https:\\\/\\\/lemanrunning.com\\\/enregistration\\\/\",\"url\":\"https:\\\/\\\/lemanrunning.com\\\/enregistration\\\/\",\"name\":\"S\u2019inscrire - L\u00e9man Running\",\"isPartOf\":{\"@id\":\"https:\\\/\\\/lemanrunning.com\\\/#website\"},\"primaryImageOfPage\":{\"@id\":\"https:\\\/\\\/lemanrunning.com\\\/enregistration\\\/#primaryimage\"},\"image\":{\"@id\":\"https:\\\/\\\/lemanrunning.com\\\/enregistration\\\/#primaryimage\"},\"thumbnailUrl\":\"https:\\\/\\\/fsx.i-run.fr\\\/?a=P4572B58571B1429\",\"datePublished\":\"2024-09-21T11:45:09+00:00\",\"dateModified\":\"2025-01-22T18:08:26+00:00\",\"breadcrumb\":{\"@id\":\"https:\\\/\\\/lemanrunning.com\\\/enregistration\\\/#breadcrumb\"},\"inLanguage\":\"en-GB\",\"potentialAction\":[{\"@type\":\"ReadAction\",\"target\":[\"https:\\\/\\\/lemanrunning.com\\\/enregistration\\\/\"]}]},{\"@type\":\"ImageObject\",\"inLanguage\":\"en-GB\",\"@id\":\"https:\\\/\\\/lemanrunning.com\\\/enregistration\\\/#primaryimage\",\"url\":\"https:\\\/\\\/fsx.i-run.fr\\\/?a=P4572B58571B1429\",\"contentUrl\":\"https:\\\/\\\/fsx.i-run.fr\\\/?a=P4572B58571B1429\"},{\"@type\":\"BreadcrumbList\",\"@id\":\"https:\\\/\\\/lemanrunning.com\\\/enregistration\\\/#breadcrumb\",\"itemListElement\":[{\"@type\":\"ListItem\",\"position\":1,\"name\":\"Accueil\",\"item\":\"https:\\\/\\\/lemanrunning.com\\\/\"},{\"@type\":\"ListItem\",\"position\":2,\"name\":\"S\u2019inscrire\"}]},{\"@type\":\"WebSite\",\"@id\":\"https:\\\/\\\/lemanrunning.com\\\/#website\",\"url\":\"https:\\\/\\\/lemanrunning.com\\\/\",\"name\":\"L\u00e9man Running - Calendrier des courses, annuaire de coachs et th\u00e9rapeutes, sorties et entrainements en groupe.\",\"description\":\"L&#039;esprit du L\u00e9man, la passion du running.\",\"publisher\":{\"@id\":\"https:\\\/\\\/lemanrunning.com\\\/#organization\"},\"potentialAction\":[{\"@type\":\"SearchAction\",\"target\":{\"@type\":\"EntryPoint\",\"urlTemplate\":\"https:\\\/\\\/lemanrunning.com\\\/?s={search_term_string}\"},\"query-input\":{\"@type\":\"PropertyValueSpecification\",\"valueRequired\":true,\"valueName\":\"search_term_string\"}}],\"inLanguage\":\"en-GB\"},{\"@type\":\"Organization\",\"@id\":\"https:\\\/\\\/lemanrunning.com\\\/#organization\",\"name\":\"L\u00e9man Running\",\"url\":\"https:\\\/\\\/lemanrunning.com\\\/\",\"logo\":{\"@type\":\"ImageObject\",\"inLanguage\":\"en-GB\",\"@id\":\"https:\\\/\\\/lemanrunning.com\\\/#\\\/schema\\\/logo\\\/image\\\/\",\"url\":\"https:\\\/\\\/lemanrunning.com\\\/wp-content\\\/uploads\\\/2024\\\/06\\\/new-logo-leman-running.png\",\"contentUrl\":\"https:\\\/\\\/lemanrunning.com\\\/wp-content\\\/uploads\\\/2024\\\/06\\\/new-logo-leman-running.png\",\"width\":350,\"height\":100,\"caption\":\"L\u00e9man Running\"},\"image\":{\"@id\":\"https:\\\/\\\/lemanrunning.com\\\/#\\\/schema\\\/logo\\\/image\\\/\"},\"sameAs\":[\"https:\\\/\\\/www.facebook.com\\\/LemanRunning\\\/\",\"https:\\\/\\\/www.instagram.com\\\/leman_running\\\/\",\"https:\\\/\\\/www.linkedin.com\\\/company\\\/lman-running\\\/\",\"https:\\\/\\\/www.youtube.com\\\/channel\\\/UCy8GQKd8l8LZwU75KXDP-4g?view_as=subscriber\",\"https:\\\/\\\/www.strava.com\\\/clubs\\\/538259?oq=l\"]}]}<\/script>\n<!-- \/ Yoast SEO Premium plugin. -->","yoast_head_json":{"title":"Register - L\u00e9man Running","robots":{"index":"index","follow":"follow","max-snippet":"max-snippet:-1","max-image-preview":"max-image-preview:large","max-video-preview":"max-video-preview:-1"},"canonical":"https:\/\/lemanrunning.com\/en\/enregistration\/","og_locale":"en_GB","og_type":"article","og_title":"S\u2019inscrire","og_description":"S&#8217;INSCRIRE REJOINS NOTRE COMMUNAUT\u00c9 Avant de vous inscrire veuillez souscrire \u00e0 notre carte de membre &gt;, pour b\u00e9n\u00e9ficier des nombreux avantages\u00a0","og_url":"https:\/\/lemanrunning.com\/en\/enregistration\/","og_site_name":"L\u00e9man Running","article_publisher":"https:\/\/www.facebook.com\/LemanRunning\/","article_modified_time":"2025-01-22T18:08:26+00:00","og_image":[{"url":"https:\/\/fsx.i-run.fr\/?a=P4572B58571B1429","type":"","width":"","height":""}],"twitter_card":"summary_large_image","twitter_misc":{"Estimated reading time":"1 minute"},"schema":{"@context":"https:\/\/schema.org","@graph":[{"@type":"WebPage","@id":"https:\/\/lemanrunning.com\/enregistration\/","url":"https:\/\/lemanrunning.com\/enregistration\/","name":"Register - L\u00e9man Running","isPartOf":{"@id":"https:\/\/lemanrunning.com\/#website"},"primaryImageOfPage":{"@id":"https:\/\/lemanrunning.com\/enregistration\/#primaryimage"},"image":{"@id":"https:\/\/lemanrunning.com\/enregistration\/#primaryimage"},"thumbnailUrl":"https:\/\/fsx.i-run.fr\/?a=P4572B58571B1429","datePublished":"2024-09-21T11:45:09+00:00","dateModified":"2025-01-22T18:08:26+00:00","breadcrumb":{"@id":"https:\/\/lemanrunning.com\/enregistration\/#breadcrumb"},"inLanguage":"en-GB","potentialAction":[{"@type":"ReadAction","target":["https:\/\/lemanrunning.com\/enregistration\/"]}]},{"@type":"ImageObject","inLanguage":"en-GB","@id":"https:\/\/lemanrunning.com\/enregistration\/#primaryimage","url":"https:\/\/fsx.i-run.fr\/?a=P4572B58571B1429","contentUrl":"https:\/\/fsx.i-run.fr\/?a=P4572B58571B1429"},{"@type":"BreadcrumbList","@id":"https:\/\/lemanrunning.com\/enregistration\/#breadcrumb","itemListElement":[{"@type":"ListItem","position":1,"name":"Accueil","item":"https:\/\/lemanrunning.com\/"},{"@type":"ListItem","position":2,"name":"S\u2019inscrire"}]},{"@type":"WebSite","@id":"https:\/\/lemanrunning.com\/#website","url":"https:\/\/lemanrunning.com\/","name":"L\u00e9man Running - Race calendar, directory of coaches and therapists, group outings and training.","description":"The spirit of Lake Geneva, a passion for running.","publisher":{"@id":"https:\/\/lemanrunning.com\/#organization"},"potentialAction":[{"@type":"SearchAction","target":{"@type":"EntryPoint","urlTemplate":"https:\/\/lemanrunning.com\/?s={search_term_string}"},"query-input":{"@type":"PropertyValueSpecification","valueRequired":true,"valueName":"search_term_string"}}],"inLanguage":"en-GB"},{"@type":"Organization","@id":"https:\/\/lemanrunning.com\/#organization","name":"L\u00e9man Running","url":"https:\/\/lemanrunning.com\/","logo":{"@type":"ImageObject","inLanguage":"en-GB","@id":"https:\/\/lemanrunning.com\/#\/schema\/logo\/image\/","url":"https:\/\/lemanrunning.com\/wp-content\/uploads\/2024\/06\/new-logo-leman-running.png","contentUrl":"https:\/\/lemanrunning.com\/wp-content\/uploads\/2024\/06\/new-logo-leman-running.png","width":350,"height":100,"caption":"L\u00e9man Running"},"image":{"@id":"https:\/\/lemanrunning.com\/#\/schema\/logo\/image\/"},"sameAs":["https:\/\/www.facebook.com\/LemanRunning\/","https:\/\/www.instagram.com\/leman_running\/","https:\/\/www.linkedin.com\/company\/lman-running\/","https:\/\/www.youtube.com\/channel\/UCy8GQKd8l8LZwU75KXDP-4g?view_as=subscriber","https:\/\/www.strava.com\/clubs\/538259?oq=l"]}]}},"_links":{"self":[{"href":"https:\/\/lemanrunning.com\/en\/wp-json\/wp\/v2\/pages\/17649","targetHints":{"allow":["GET"]}}],"collection":[{"href":"https:\/\/lemanrunning.com\/en\/wp-json\/wp\/v2\/pages"}],"about":[{"href":"https:\/\/lemanrunning.com\/en\/wp-json\/wp\/v2\/types\/page"}],"author":[{"embeddable":true,"href":"https:\/\/lemanrunning.com\/en\/wp-json\/wp\/v2\/users\/2"}],"replies":[{"embeddable":true,"href":"https:\/\/lemanrunning.com\/en\/wp-json\/wp\/v2\/comments?post=17649"}],"version-history":[{"count":0,"href":"https:\/\/lemanrunning.com\/en\/wp-json\/wp\/v2\/pages\/17649\/revisions"}],"wp:attachment":[{"href":"https:\/\/lemanrunning.com\/en\/wp-json\/wp\/v2\/media?parent=17649"}],"curies":[{"name":"wp","href":"https:\/\/api.w.org\/{rel}","templated":true}]}}