{"id":17430,"date":"2024-09-13T14:46:25","date_gmt":"2024-09-13T12:46:25","guid":{"rendered":"https:\/\/lemanrunning.com\/?page_id=17430"},"modified":"2025-04-16T13:26:18","modified_gmt":"2025-04-16T11:26:18","slug":"jeux-concours","status":"publish","type":"page","link":"https:\/\/lemanrunning.com\/en\/jeux-concours\/","title":{"rendered":"Competition Games"},"content":{"rendered":"\t\t<div data-elementor-type=\"wp-page\" data-elementor-id=\"17430\" class=\"elementor elementor-17430\" data-elementor-post-type=\"page\">\n\t\t\t\t\t\t<section class=\"elementor-section elementor-top-section elementor-element elementor-element-fd41595 elementor-section-height-min-height elementor-section-boxed elementor-section-height-default elementor-section-items-middle\" data-id=\"fd41595\" data-element_type=\"section\" data-e-type=\"section\" data-settings=\"{&quot;background_background&quot;:&quot;classic&quot;}\">\n\t\t\t\t\t\t\t<div class=\"elementor-background-overlay\"><\/div>\n\t\t\t\t\t\t\t<div class=\"elementor-container elementor-column-gap-default\">\n\t\t\t\t\t<div class=\"elementor-column elementor-col-100 elementor-top-column elementor-element elementor-element-2ae5091\" data-id=\"2ae5091\" data-element_type=\"column\" data-e-type=\"column\">\n\t\t\t<div class=\"elementor-widget-wrap elementor-element-populated\">\n\t\t\t\t\t\t<div class=\"elementor-element elementor-element-aa09019 elementor-widget elementor-widget-heading\" data-id=\"aa09019\" data-element_type=\"widget\" data-e-type=\"widget\" data-widget_type=\"heading.default\">\n\t\t\t\t<div class=\"elementor-widget-container\">\n\t\t\t\t\t<h2 class=\"elementor-heading-title elementor-size-default\">JEUX CONCOURS<\/h2>\t\t\t\t<\/div>\n\t\t\t\t<\/div>\n\t\t\t\t\t<\/div>\n\t\t<\/div>\n\t\t\t\t\t<\/div>\n\t\t<\/section>\n\t\t<div class=\"elementor-element elementor-element-1e1c5a4 e-flex e-con-boxed e-con e-parent\" data-id=\"1e1c5a4\" data-element_type=\"container\" data-e-type=\"container\">\n\t\t\t\t\t<div class=\"e-con-inner\">\n\t\t\t\t<div class=\"elementor-element elementor-element-9cf35bd elementor-widget elementor-widget-heading\" data-id=\"9cf35bd\" data-element_type=\"widget\" data-e-type=\"widget\" data-widget_type=\"heading.default\">\n\t\t\t\t<div class=\"elementor-widget-container\">\n\t\t\t\t\t<h2 class=\"elementor-heading-title elementor-size-default\">DES DOSSARDS \u00c0 GAGNER<\/h2>\t\t\t\t<\/div>\n\t\t\t\t<\/div>\n\t\t\t\t<div class=\"elementor-element elementor-element-f5eae45 elementor-widget elementor-widget-text-editor\" data-id=\"f5eae45\" data-element_type=\"widget\" data-e-type=\"widget\" data-widget_type=\"text-editor.default\">\n\t\t\t\t<div class=\"elementor-widget-container\">\n\t\t\t\t\t\t\t\t\t<p>Gr\u00e2ce \u00e0 nos partenaires, nous avons le plaisir de vous offrir de nombreux lots, dont des dossards pour les courses de la r\u00e9gion.<\/p>\t\t\t\t\t\t\t\t<\/div>\n\t\t\t\t<\/div>\n\t\t\t\t\t<\/div>\n\t\t\t\t<\/div>\n\t\t<div class=\"elementor-element elementor-element-9a82bc3 e-flex e-con-boxed e-con e-parent\" data-id=\"9a82bc3\" data-element_type=\"container\" data-e-type=\"container\">\n\t\t\t\t\t<div class=\"e-con-inner\">\n\t\t\t\t<div class=\"elementor-element elementor-element-cc26cae elementor-widget elementor-widget-heading\" data-id=\"cc26cae\" data-element_type=\"widget\" data-e-type=\"widget\" data-widget_type=\"heading.default\">\n\t\t\t\t<div class=\"elementor-widget-container\">\n\t\t\t\t\t<h3 class=\"elementor-heading-title elementor-size-default\">Jeu concours - Marathon d'Annecy (termin\u00e9)\n<\/h3>\t\t\t\t<\/div>\n\t\t\t\t<\/div>\n\t\t\t\t<div class=\"elementor-element elementor-element-3bc5bec elementor-widget elementor-widget-text-editor\" data-id=\"3bc5bec\" data-element_type=\"widget\" data-e-type=\"widget\" data-widget_type=\"text-editor.default\">\n\t\t\t\t<div class=\"elementor-widget-container\">\n\t\t\t\t\t\t\t\t\t<p><strong>Participez \u00e0 notre quiz ci-dessous<\/strong> et tentez de remporter le dossard mis en jeu !<\/p><p><strong>Date limite de participation<\/strong> : Dimanche 13 avril \u00e0 00h00.<br \/>Le gagnant sera tir\u00e9 au sort \u00e9lectroniquement parmi les bonnes r\u00e9ponses et contact\u00e9 directement par e-mail ou t\u00e9l\u00e9phone.<\/p>\t\t\t\t\t\t\t\t<\/div>\n\t\t\t\t<\/div>\n\t\t\t\t<div class=\"elementor-element elementor-element-ea4fafe elementor-hidden-mobile elementor-widget elementor-widget-html\" data-id=\"ea4fafe\" data-element_type=\"widget\" data-e-type=\"widget\" data-widget_type=\"html.default\">\n\t\t\t\t<div class=\"elementor-widget-container\">\n\t\t\t\t\t<script async src=\"https:\/\/pagead2.googlesyndication.com\/pagead\/js\/adsbygoogle.js?client=ca-pub-5267061060968545\"\n     crossorigin=\"anonymous\"><\/script>\n<ins class=\"adsbygoogle\"\n     style=\"display:block; text-align:center;\"\n     data-ad-layout=\"in-article\"\n     data-ad-format=\"fluid\"\n     data-ad-client=\"ca-pub-5267061060968545\"\n     data-ad-slot=\"3794847768\"><\/ins>\n<script>\n     (adsbygoogle = window.adsbygoogle || []).push({});\n<\/script>\t\t\t\t<\/div>\n\t\t\t\t<\/div>\n\t\t\t\t<div class=\"elementor-element elementor-element-5df9344 elementor-widget elementor-widget-shortcode\" data-id=\"5df9344\" data-element_type=\"widget\" data-e-type=\"widget\" data-widget_type=\"shortcode.default\">\n\t\t\t\t<div class=\"elementor-widget-container\">\n\t\t\t\t\t\t\t<div class=\"elementor-shortcode\">[ays_quiz id=\"9\"]<\/div>\n\t\t\t\t\t\t<\/div>\n\t\t\t\t<\/div>\n\t\t\t\t<div class=\"elementor-element elementor-element-6358648 elementor-hidden-mobile elementor-widget elementor-widget-html\" data-id=\"6358648\" data-element_type=\"widget\" data-e-type=\"widget\" data-widget_type=\"html.default\">\n\t\t\t\t<div class=\"elementor-widget-container\">\n\t\t\t\t\t<script async src=\"https:\/\/pagead2.googlesyndication.com\/pagead\/js\/adsbygoogle.js?client=ca-pub-5267061060968545\"\n     crossorigin=\"anonymous\"><\/script>\n<ins class=\"adsbygoogle\"\n     style=\"display:block; text-align:center;\"\n     data-ad-layout=\"in-article\"\n     data-ad-format=\"fluid\"\n     data-ad-client=\"ca-pub-5267061060968545\"\n     data-ad-slot=\"3794847768\"><\/ins>\n<script>\n     (adsbygoogle = window.adsbygoogle || []).push({});\n<\/script>\t\t\t\t<\/div>\n\t\t\t\t<\/div>\n\t\t\t\t<div class=\"elementor-element elementor-element-69f955f elementor-widget elementor-widget-heading\" data-id=\"69f955f\" data-element_type=\"widget\" data-e-type=\"widget\" data-widget_type=\"heading.default\">\n\t\t\t\t<div class=\"elementor-widget-container\">\n\t\t\t\t\t<h2 class=\"elementor-heading-title elementor-size-default\">Pr\u00e9c\u00e9dents jeux concours<\/h2>\t\t\t\t<\/div>\n\t\t\t\t<\/div>\n\t\t\t\t<div class=\"elementor-element elementor-element-8a8d6e2 elementor-widget elementor-widget-text-editor\" data-id=\"8a8d6e2\" data-element_type=\"widget\" data-e-type=\"widget\" data-widget_type=\"text-editor.default\">\n\t\t\t\t<div class=\"elementor-widget-container\">\n\t\t\t\t\t\t\t\t\t<p><strong>20 km de Lausanne \u00a0<\/strong><\/p><p>F\u00e9licitations vous avez remport\u00e9 le dossard<\/p><ul><li><span>Ricardo D.<\/span><\/li><\/ul>\t\t\t\t\t\t\t\t<\/div>\n\t\t\t\t<\/div>\n\t\t\t\t<div class=\"elementor-element elementor-element-5c6c5a9 elementor-widget elementor-widget-text-editor\" data-id=\"5c6c5a9\" data-element_type=\"widget\" data-e-type=\"widget\" data-widget_type=\"text-editor.default\">\n\t\t\t\t<div class=\"elementor-widget-container\">\n\t\t\t\t\t\t\t\t\t<p><strong>Marathon d&#8217;Annecy\u00a0<\/strong><\/p><p>F\u00e9licitations vous avez remport\u00e9 le dossard<\/p><ul><li><span>Christelle C.<\/span><\/li><\/ul>\t\t\t\t\t\t\t\t<\/div>\n\t\t\t\t<\/div>\n\t\t\t\t<div class=\"elementor-element elementor-element-e35c2ae elementor-widget elementor-widget-text-editor\" data-id=\"e35c2ae\" data-element_type=\"widget\" data-e-type=\"widget\" data-widget_type=\"text-editor.default\">\n\t\t\t\t<div class=\"elementor-widget-container\">\n\t\t\t\t\t\t\t\t\t<p><strong>Marathon de Gen\u00e8ve\u00a0<\/strong><\/p><p>F\u00e9licitations vous avez remport\u00e9 le dossard<\/p><ul><li><span>Martine L. (10K)<\/span><\/li><li><span>Morgane M. (semi marathon)<\/span><\/li><li>Serge K. <span>(marathon)<\/span><\/li><\/ul>\t\t\t\t\t\t\t\t<\/div>\n\t\t\t\t<\/div>\n\t\t\t\t<div class=\"elementor-element elementor-element-d9634da elementor-widget-divider--view-line elementor-widget elementor-widget-divider\" data-id=\"d9634da\" data-element_type=\"widget\" data-e-type=\"widget\" data-widget_type=\"divider.default\">\n\t\t\t\t<div class=\"elementor-widget-container\">\n\t\t\t\t\t\t\t<div class=\"elementor-divider\">\n\t\t\t<span class=\"elementor-divider-separator\">\n\t\t\t\t\t\t<\/span>\n\t\t<\/div>\n\t\t\t\t\t\t<\/div>\n\t\t\t\t<\/div>\n\t\t\t\t<div class=\"elementor-element elementor-element-76904ed elementor-widget elementor-widget-text-editor\" data-id=\"76904ed\" data-element_type=\"widget\" data-e-type=\"widget\" data-widget_type=\"text-editor.default\">\n\t\t\t\t<div class=\"elementor-widget-container\">\n\t\t\t\t\t\t\t\t\t<p><strong>Nocturne des Loups\u00a0<\/strong><\/p><p>F\u00e9licitations vous avez remport\u00e9 le dossard<\/p><ul><li><span>Alexandra V.<\/span><\/li><li>Pauline G.<\/li><\/ul>\t\t\t\t\t\t\t\t<\/div>\n\t\t\t\t<\/div>\n\t\t\t\t<div class=\"elementor-element elementor-element-b64b66e elementor-widget-divider--view-line elementor-widget elementor-widget-divider\" data-id=\"b64b66e\" data-element_type=\"widget\" data-e-type=\"widget\" data-widget_type=\"divider.default\">\n\t\t\t\t<div class=\"elementor-widget-container\">\n\t\t\t\t\t\t\t<div class=\"elementor-divider\">\n\t\t\t<span class=\"elementor-divider-separator\">\n\t\t\t\t\t\t<\/span>\n\t\t<\/div>\n\t\t\t\t\t\t<\/div>\n\t\t\t\t<\/div>\n\t\t\t\t<div class=\"elementor-element elementor-element-b81bda0 elementor-widget elementor-widget-text-editor\" data-id=\"b81bda0\" data-element_type=\"widget\" data-e-type=\"widget\" data-widget_type=\"text-editor.default\">\n\t\t\t\t<div class=\"elementor-widget-container\">\n\t\t\t\t\t\t\t\t\t<p><strong>Trail Vall\u00e9e de Joux<\/strong><\/p><p>F\u00e9licitations vous avez remport\u00e9 le dossard<\/p><ul><li><span>Gordon Keay<\/span><\/li><\/ul>\t\t\t\t\t\t\t\t<\/div>\n\t\t\t\t<\/div>\n\t\t\t\t<div class=\"elementor-element elementor-element-f676aeb elementor-widget-divider--view-line elementor-widget elementor-widget-divider\" data-id=\"f676aeb\" data-element_type=\"widget\" data-e-type=\"widget\" data-widget_type=\"divider.default\">\n\t\t\t\t<div class=\"elementor-widget-container\">\n\t\t\t\t\t\t\t<div class=\"elementor-divider\">\n\t\t\t<span class=\"elementor-divider-separator\">\n\t\t\t\t\t\t<\/span>\n\t\t<\/div>\n\t\t\t\t\t\t<\/div>\n\t\t\t\t<\/div>\n\t\t\t\t<div class=\"elementor-element elementor-element-276d45f elementor-widget elementor-widget-text-editor\" data-id=\"276d45f\" data-element_type=\"widget\" data-e-type=\"widget\" data-widget_type=\"text-editor.default\">\n\t\t\t\t<div class=\"elementor-widget-container\">\n\t\t\t\t\t\t\t\t\t<p><strong>Concours \u00a0Course de l&#8217;Escalade<\/strong><\/p><p>F\u00e9licitations vous avez remport\u00e9 un des 5 dossards<\/p><ul><li><span>Girardet Anne-Louise<\/span><\/li><li><span>Hebacker Alexandra<\/span><\/li><li><span>Poirier Baptiste<\/span><\/li><li><span>Boichat Anne<\/span><\/li><li><span>Asensio Miguel<\/span><\/li><\/ul>\t\t\t\t\t\t\t\t<\/div>\n\t\t\t\t<\/div>\n\t\t\t\t<div class=\"elementor-element elementor-element-4b375ad elementor-widget-divider--view-line elementor-widget elementor-widget-divider\" data-id=\"4b375ad\" data-element_type=\"widget\" data-e-type=\"widget\" data-widget_type=\"divider.default\">\n\t\t\t\t<div class=\"elementor-widget-container\">\n\t\t\t\t\t\t\t<div class=\"elementor-divider\">\n\t\t\t<span class=\"elementor-divider-separator\">\n\t\t\t\t\t\t<\/span>\n\t\t<\/div>\n\t\t\t\t\t\t<\/div>\n\t\t\t\t<\/div>\n\t\t\t\t<div class=\"elementor-element elementor-element-ed331a4 elementor-widget elementor-widget-text-editor\" data-id=\"ed331a4\" data-element_type=\"widget\" data-e-type=\"widget\" data-widget_type=\"text-editor.default\">\n\t\t\t\t<div class=\"elementor-widget-container\">\n\t\t\t\t\t\t\t\t\t<p><strong>Concours \u00a020 km de Gen\u00e8ve<\/strong><\/p><p>F\u00e9licitations vous avez remport\u00e9 un des 5 dossards<\/p><ul><li>Thiault Julien<\/li><li>Gaudard Anne -Lise<\/li><li>Stacey Welsh<\/li><li>Christophe Bontaz<\/li><li>Daniela Hutkova<\/li><\/ul>\t\t\t\t\t\t\t\t<\/div>\n\t\t\t\t<\/div>\n\t\t\t\t\t<\/div>\n\t\t\t\t<\/div>\n\t\t\t\t<\/div>\n\t\t","protected":false},"excerpt":{"rendered":"<p>JEUX CONCOURS DES DOSSARDS \u00c0 GAGNER Gr\u00e2ce \u00e0 nos partenaires, nous avons le plaisir de vous offrir de nombreux lots, dont des dossards pour les courses de la r\u00e9gion. Jeu [&hellip;]<\/p>\n","protected":false},"author":2,"featured_media":17433,"parent":0,"menu_order":0,"comment_status":"open","ping_status":"closed","template":"","meta":{"_acf_changed":false,"footnotes":""},"class_list":["post-17430","page","type-page","status-publish","has-post-thumbnail","hentry"],"acf":[],"yoast_head":"<!-- This site is optimized with the Yoast SEO Premium plugin v27.4 (Yoast SEO v27.4) - https:\/\/yoast.com\/product\/yoast-seo-premium-wordpress\/ -->\n<title>Jeux Concours - L\u00e9man Running<\/title>\n<meta name=\"robots\" content=\"index, follow, max-snippet:-1, max-image-preview:large, max-video-preview:-1\" \/>\n<link rel=\"canonical\" href=\"https:\/\/lemanrunning.com\/en\/jeux-concours\/\" \/>\n<meta property=\"og:locale\" content=\"en_GB\" \/>\n<meta property=\"og:type\" content=\"article\" \/>\n<meta property=\"og:title\" content=\"Jeux Concours\" \/>\n<meta property=\"og:description\" content=\"JEUX CONCOURS DES DOSSARDS \u00c0 GAGNER Gr\u00e2ce \u00e0 nos partenaires, nous avons le plaisir de vous offrir de nombreux lots, dont des dossards pour les courses de la r\u00e9gion. Jeu [&hellip;]\" \/>\n<meta property=\"og:url\" content=\"https:\/\/lemanrunning.com\/en\/jeux-concours\/\" \/>\n<meta property=\"og:site_name\" content=\"L\u00e9man Running\" \/>\n<meta property=\"article:publisher\" content=\"https:\/\/www.facebook.com\/LemanRunning\/\" \/>\n<meta property=\"article:modified_time\" content=\"2025-04-16T11:26:18+00:00\" \/>\n<meta property=\"og:image\" content=\"https:\/\/lemanrunning.com\/wp-content\/uploads\/2024\/09\/young-woman-runner-running-at-mountain-top-e1736717272954.jpg\" \/>\n\t<meta property=\"og:image:width\" content=\"1920\" \/>\n\t<meta property=\"og:image:height\" content=\"1280\" \/>\n\t<meta property=\"og:image:type\" content=\"image\/jpeg\" \/>\n<meta name=\"twitter:card\" content=\"summary_large_image\" \/>\n<meta name=\"twitter:label1\" content=\"Estimated reading time\" \/>\n\t<meta name=\"twitter:data1\" content=\"1 minute\" \/>\n<script type=\"application\/ld+json\" class=\"yoast-schema-graph\">{\"@context\":\"https:\\\/\\\/schema.org\",\"@graph\":[{\"@type\":\"WebPage\",\"@id\":\"https:\\\/\\\/lemanrunning.com\\\/jeux-concours\\\/\",\"url\":\"https:\\\/\\\/lemanrunning.com\\\/jeux-concours\\\/\",\"name\":\"Jeux Concours - L\u00e9man Running\",\"isPartOf\":{\"@id\":\"https:\\\/\\\/lemanrunning.com\\\/#website\"},\"primaryImageOfPage\":{\"@id\":\"https:\\\/\\\/lemanrunning.com\\\/jeux-concours\\\/#primaryimage\"},\"image\":{\"@id\":\"https:\\\/\\\/lemanrunning.com\\\/jeux-concours\\\/#primaryimage\"},\"thumbnailUrl\":\"https:\\\/\\\/lemanrunning.com\\\/wp-content\\\/uploads\\\/2024\\\/09\\\/young-woman-runner-running-at-mountain-top-e1736717272954.jpg\",\"datePublished\":\"2024-09-13T12:46:25+00:00\",\"dateModified\":\"2025-04-16T11:26:18+00:00\",\"breadcrumb\":{\"@id\":\"https:\\\/\\\/lemanrunning.com\\\/jeux-concours\\\/#breadcrumb\"},\"inLanguage\":\"en-GB\",\"potentialAction\":[{\"@type\":\"ReadAction\",\"target\":[\"https:\\\/\\\/lemanrunning.com\\\/jeux-concours\\\/\"]}]},{\"@type\":\"ImageObject\",\"inLanguage\":\"en-GB\",\"@id\":\"https:\\\/\\\/lemanrunning.com\\\/jeux-concours\\\/#primaryimage\",\"url\":\"https:\\\/\\\/lemanrunning.com\\\/wp-content\\\/uploads\\\/2024\\\/09\\\/young-woman-runner-running-at-mountain-top-e1736717272954.jpg\",\"contentUrl\":\"https:\\\/\\\/lemanrunning.com\\\/wp-content\\\/uploads\\\/2024\\\/09\\\/young-woman-runner-running-at-mountain-top-e1736717272954.jpg\",\"width\":1920,\"height\":1280,\"caption\":\"Young woman runner running at mountain top\"},{\"@type\":\"BreadcrumbList\",\"@id\":\"https:\\\/\\\/lemanrunning.com\\\/jeux-concours\\\/#breadcrumb\",\"itemListElement\":[{\"@type\":\"ListItem\",\"position\":1,\"name\":\"Accueil\",\"item\":\"https:\\\/\\\/lemanrunning.com\\\/\"},{\"@type\":\"ListItem\",\"position\":2,\"name\":\"Jeux Concours\"}]},{\"@type\":\"WebSite\",\"@id\":\"https:\\\/\\\/lemanrunning.com\\\/#website\",\"url\":\"https:\\\/\\\/lemanrunning.com\\\/\",\"name\":\"L\u00e9man Running - Calendrier des courses, annuaire de coachs et th\u00e9rapeutes, sorties et entrainements en groupe.\",\"description\":\"L&#039;esprit du L\u00e9man, la passion du running.\",\"publisher\":{\"@id\":\"https:\\\/\\\/lemanrunning.com\\\/#organization\"},\"potentialAction\":[{\"@type\":\"SearchAction\",\"target\":{\"@type\":\"EntryPoint\",\"urlTemplate\":\"https:\\\/\\\/lemanrunning.com\\\/?s={search_term_string}\"},\"query-input\":{\"@type\":\"PropertyValueSpecification\",\"valueRequired\":true,\"valueName\":\"search_term_string\"}}],\"inLanguage\":\"en-GB\"},{\"@type\":\"Organization\",\"@id\":\"https:\\\/\\\/lemanrunning.com\\\/#organization\",\"name\":\"L\u00e9man Running\",\"url\":\"https:\\\/\\\/lemanrunning.com\\\/\",\"logo\":{\"@type\":\"ImageObject\",\"inLanguage\":\"en-GB\",\"@id\":\"https:\\\/\\\/lemanrunning.com\\\/#\\\/schema\\\/logo\\\/image\\\/\",\"url\":\"https:\\\/\\\/lemanrunning.com\\\/wp-content\\\/uploads\\\/2024\\\/06\\\/new-logo-leman-running.png\",\"contentUrl\":\"https:\\\/\\\/lemanrunning.com\\\/wp-content\\\/uploads\\\/2024\\\/06\\\/new-logo-leman-running.png\",\"width\":350,\"height\":100,\"caption\":\"L\u00e9man Running\"},\"image\":{\"@id\":\"https:\\\/\\\/lemanrunning.com\\\/#\\\/schema\\\/logo\\\/image\\\/\"},\"sameAs\":[\"https:\\\/\\\/www.facebook.com\\\/LemanRunning\\\/\",\"https:\\\/\\\/www.instagram.com\\\/leman_running\\\/\",\"https:\\\/\\\/www.linkedin.com\\\/company\\\/lman-running\\\/\",\"https:\\\/\\\/www.youtube.com\\\/channel\\\/UCy8GQKd8l8LZwU75KXDP-4g?view_as=subscriber\",\"https:\\\/\\\/www.strava.com\\\/clubs\\\/538259?oq=l\"]}]}<\/script>\n<!-- \/ Yoast SEO Premium plugin. -->","yoast_head_json":{"title":"Competition - L\u00e9man Running","robots":{"index":"index","follow":"follow","max-snippet":"max-snippet:-1","max-image-preview":"max-image-preview:large","max-video-preview":"max-video-preview:-1"},"canonical":"https:\/\/lemanrunning.com\/en\/jeux-concours\/","og_locale":"en_GB","og_type":"article","og_title":"Jeux Concours","og_description":"JEUX CONCOURS DES DOSSARDS \u00c0 GAGNER Gr\u00e2ce \u00e0 nos partenaires, nous avons le plaisir de vous offrir de nombreux lots, dont des dossards pour les courses de la r\u00e9gion. Jeu [&hellip;]","og_url":"https:\/\/lemanrunning.com\/en\/jeux-concours\/","og_site_name":"L\u00e9man Running","article_publisher":"https:\/\/www.facebook.com\/LemanRunning\/","article_modified_time":"2025-04-16T11:26:18+00:00","og_image":[{"width":1920,"height":1280,"url":"https:\/\/lemanrunning.com\/wp-content\/uploads\/2024\/09\/young-woman-runner-running-at-mountain-top-e1736717272954.jpg","type":"image\/jpeg"}],"twitter_card":"summary_large_image","twitter_misc":{"Estimated reading time":"1 minute"},"schema":{"@context":"https:\/\/schema.org","@graph":[{"@type":"WebPage","@id":"https:\/\/lemanrunning.com\/jeux-concours\/","url":"https:\/\/lemanrunning.com\/jeux-concours\/","name":"Competition - L\u00e9man Running","isPartOf":{"@id":"https:\/\/lemanrunning.com\/#website"},"primaryImageOfPage":{"@id":"https:\/\/lemanrunning.com\/jeux-concours\/#primaryimage"},"image":{"@id":"https:\/\/lemanrunning.com\/jeux-concours\/#primaryimage"},"thumbnailUrl":"https:\/\/lemanrunning.com\/wp-content\/uploads\/2024\/09\/young-woman-runner-running-at-mountain-top-e1736717272954.jpg","datePublished":"2024-09-13T12:46:25+00:00","dateModified":"2025-04-16T11:26:18+00:00","breadcrumb":{"@id":"https:\/\/lemanrunning.com\/jeux-concours\/#breadcrumb"},"inLanguage":"en-GB","potentialAction":[{"@type":"ReadAction","target":["https:\/\/lemanrunning.com\/jeux-concours\/"]}]},{"@type":"ImageObject","inLanguage":"en-GB","@id":"https:\/\/lemanrunning.com\/jeux-concours\/#primaryimage","url":"https:\/\/lemanrunning.com\/wp-content\/uploads\/2024\/09\/young-woman-runner-running-at-mountain-top-e1736717272954.jpg","contentUrl":"https:\/\/lemanrunning.com\/wp-content\/uploads\/2024\/09\/young-woman-runner-running-at-mountain-top-e1736717272954.jpg","width":1920,"height":1280,"caption":"Young woman runner running at mountain top"},{"@type":"BreadcrumbList","@id":"https:\/\/lemanrunning.com\/jeux-concours\/#breadcrumb","itemListElement":[{"@type":"ListItem","position":1,"name":"Accueil","item":"https:\/\/lemanrunning.com\/"},{"@type":"ListItem","position":2,"name":"Jeux Concours"}]},{"@type":"WebSite","@id":"https:\/\/lemanrunning.com\/#website","url":"https:\/\/lemanrunning.com\/","name":"L\u00e9man Running - Race calendar, directory of coaches and therapists, group outings and training.","description":"The spirit of Lake Geneva, a passion for running.","publisher":{"@id":"https:\/\/lemanrunning.com\/#organization"},"potentialAction":[{"@type":"SearchAction","target":{"@type":"EntryPoint","urlTemplate":"https:\/\/lemanrunning.com\/?s={search_term_string}"},"query-input":{"@type":"PropertyValueSpecification","valueRequired":true,"valueName":"search_term_string"}}],"inLanguage":"en-GB"},{"@type":"Organization","@id":"https:\/\/lemanrunning.com\/#organization","name":"L\u00e9man Running","url":"https:\/\/lemanrunning.com\/","logo":{"@type":"ImageObject","inLanguage":"en-GB","@id":"https:\/\/lemanrunning.com\/#\/schema\/logo\/image\/","url":"https:\/\/lemanrunning.com\/wp-content\/uploads\/2024\/06\/new-logo-leman-running.png","contentUrl":"https:\/\/lemanrunning.com\/wp-content\/uploads\/2024\/06\/new-logo-leman-running.png","width":350,"height":100,"caption":"L\u00e9man Running"},"image":{"@id":"https:\/\/lemanrunning.com\/#\/schema\/logo\/image\/"},"sameAs":["https:\/\/www.facebook.com\/LemanRunning\/","https:\/\/www.instagram.com\/leman_running\/","https:\/\/www.linkedin.com\/company\/lman-running\/","https:\/\/www.youtube.com\/channel\/UCy8GQKd8l8LZwU75KXDP-4g?view_as=subscriber","https:\/\/www.strava.com\/clubs\/538259?oq=l"]}]}},"_links":{"self":[{"href":"https:\/\/lemanrunning.com\/en\/wp-json\/wp\/v2\/pages\/17430","targetHints":{"allow":["GET"]}}],"collection":[{"href":"https:\/\/lemanrunning.com\/en\/wp-json\/wp\/v2\/pages"}],"about":[{"href":"https:\/\/lemanrunning.com\/en\/wp-json\/wp\/v2\/types\/page"}],"author":[{"embeddable":true,"href":"https:\/\/lemanrunning.com\/en\/wp-json\/wp\/v2\/users\/2"}],"replies":[{"embeddable":true,"href":"https:\/\/lemanrunning.com\/en\/wp-json\/wp\/v2\/comments?post=17430"}],"version-history":[{"count":9,"href":"https:\/\/lemanrunning.com\/en\/wp-json\/wp\/v2\/pages\/17430\/revisions"}],"predecessor-version":[{"id":23909,"href":"https:\/\/lemanrunning.com\/en\/wp-json\/wp\/v2\/pages\/17430\/revisions\/23909"}],"wp:featuredmedia":[{"embeddable":true,"href":"https:\/\/lemanrunning.com\/en\/wp-json\/wp\/v2\/media\/17433"}],"wp:attachment":[{"href":"https:\/\/lemanrunning.com\/en\/wp-json\/wp\/v2\/media?parent=17430"}],"curies":[{"name":"wp","href":"https:\/\/api.w.org\/{rel}","templated":true}]}}